{"id":240,"date":"2020-07-05T10:44:30","date_gmt":"2020-07-05T08:44:30","guid":{"rendered":"https:\/\/fortea.sytes.net\/pun\/?page_id=240"},"modified":"2022-09-28T10:20:51","modified_gmt":"2022-09-28T08:20:51","slug":"depressio","status":"publish","type":"page","link":"https:\/\/fortea.sytes.net\/pun\/depressio\/","title":{"rendered":"Depressi\u00f3"},"content":{"rendered":"\t\t<div data-elementor-type=\"wp-page\" data-elementor-id=\"240\" class=\"elementor elementor-240\" data-elementor-post-type=\"page\">\n\t\t\t\t\t\t<section class=\"elementor-section elementor-top-section elementor-element elementor-element-f88e7c7 elementor-section-boxed elementor-section-height-default elementor-section-height-default\" data-id=\"f88e7c7\" data-element_type=\"section\" data-e-type=\"section\">\n\t\t\t\t\t\t<div class=\"elementor-container elementor-column-gap-default\">\n\t\t\t\t\t<div class=\"elementor-column elementor-col-100 elementor-top-column elementor-element elementor-element-1151c88\" data-id=\"1151c88\" data-element_type=\"column\" data-e-type=\"column\">\n\t\t\t<div class=\"elementor-widget-wrap elementor-element-populated\">\n\t\t\t\t\t\t<div class=\"elementor-element elementor-element-5415970 elementor-widget elementor-widget-heading\" data-id=\"5415970\" data-element_type=\"widget\" data-e-type=\"widget\" data-widget_type=\"heading.default\">\n\t\t\t\t<div class=\"elementor-widget-container\">\n\t\t\t\t\t<h2 class=\"elementor-heading-title elementor-size-default\">Depressi\u00f3<\/h2>\t\t\t\t<\/div>\n\t\t\t\t<\/div>\n\t\t\t\t\t<\/div>\n\t\t<\/div>\n\t\t\t\t\t<\/div>\n\t\t<\/section>\n\t\t\t\t<section class=\"elementor-section elementor-top-section elementor-element elementor-element-f8c5e31 elementor-section-boxed elementor-section-height-default elementor-section-height-default\" data-id=\"f8c5e31\" data-element_type=\"section\" data-e-type=\"section\">\n\t\t\t\t\t\t<div class=\"elementor-container elementor-column-gap-default\">\n\t\t\t\t\t<div class=\"elementor-column elementor-col-100 elementor-top-column elementor-element elementor-element-b035083\" data-id=\"b035083\" data-element_type=\"column\" data-e-type=\"column\">\n\t\t\t<div class=\"elementor-widget-wrap elementor-element-populated\">\n\t\t\t\t\t\t<div class=\"elementor-element elementor-element-49b2643 elementor-widget-divider--view-line elementor-widget elementor-widget-divider\" data-id=\"49b2643\" data-element_type=\"widget\" data-e-type=\"widget\" data-widget_type=\"divider.default\">\n\t\t\t\t<div class=\"elementor-widget-container\">\n\t\t\t\t\t\t\t<div class=\"elementor-divider\">\n\t\t\t<span class=\"elementor-divider-separator\">\n\t\t\t\t\t\t<\/span>\n\t\t<\/div>\n\t\t\t\t\t\t<\/div>\n\t\t\t\t<\/div>\n\t\t\t\t<div class=\"elementor-element elementor-element-901cb45 elementor-align-center elementor-widget elementor-widget-breadcrumbs\" data-id=\"901cb45\" data-element_type=\"widget\" data-e-type=\"widget\" data-widget_type=\"breadcrumbs.default\">\n\t\t\t\t<div class=\"elementor-widget-container\">\n\t\t\t\t\t<p id=\"breadcrumbs\"><span><span><a href=\"https:\/\/fortea.sytes.net\/pun\/\">Inici<\/a><\/span><\/span><\/p>\t\t\t\t<\/div>\n\t\t\t\t<\/div>\n\t\t\t\t\t<\/div>\n\t\t<\/div>\n\t\t\t\t\t<\/div>\n\t\t<\/section>\n\t\t\t\t<section class=\"elementor-section elementor-top-section elementor-element elementor-element-032da15 elementor-section-boxed elementor-section-height-default elementor-section-height-default\" data-id=\"032da15\" data-element_type=\"section\" data-e-type=\"section\">\n\t\t\t\t\t\t<div class=\"elementor-container elementor-column-gap-default\">\n\t\t\t\t\t<div class=\"elementor-column elementor-col-100 elementor-top-column elementor-element elementor-element-26798a0\" data-id=\"26798a0\" data-element_type=\"column\" data-e-type=\"column\">\n\t\t\t<div class=\"elementor-widget-wrap elementor-element-populated\">\n\t\t\t\t\t\t<div class=\"elementor-element elementor-element-30d949f elementor-widget elementor-widget-text-editor\" data-id=\"30d949f\" data-element_type=\"widget\" data-e-type=\"widget\" data-widget_type=\"text-editor.default\">\n\t\t\t\t<div class=\"elementor-widget-container\">\n\t\t\t\t\t\t\t\t\t<p><img fetchpriority=\"high\" decoding=\"async\" class=\"alignleft wp-image-377 size-medium\" src=\"https:\/\/fortea.sytes.net\/pun\/wp-content\/uploads\/2020\/07\/depressio-original-1-300x200.jpg\" alt=\"\" width=\"300\" height=\"200\" srcset=\"https:\/\/fortea.sytes.net\/pun\/wp-content\/uploads\/2020\/07\/depressio-original-1-300x200.jpg 300w, https:\/\/fortea.sytes.net\/pun\/wp-content\/uploads\/2020\/07\/depressio-original-1.jpg 424w\" sizes=\"(max-width: 300px) 100vw, 300px\" \/><\/p><p>La depressi\u00f3 es defineix com un canvi en l\u2019estat d\u2019\u00e0nim, que pot anar des d\u2019una tristesa lleu a un abatiment o sensaci\u00f3 d\u2019estar enfonsat. El canvi en l\u2019estat d\u2019\u00e0nim \u00e9s relativament fixe, pot persistir durant un per\u00edode determinat de temps i l\u2019acompanyen altres canvis en el comportament, actitud, pensament i en el funcionament fisiol\u00f2gic. Les persones que ho pateixen no troben el cam\u00ed per sortir d\u2019aquesta situaci\u00f3.<\/p><p>La depressi\u00f3 \u00e9s un 35-40 % de les malalties psiqui\u00e0triques. La seva incid\u00e8ncia es duplica quan es tracta del sexe femen\u00ed i el seu inici va en augment en la mitjana edat, entre els 50 i 60 anys.<\/p><p>La depressi\u00f3 pot venir d\u2019una influ\u00e8ncia gen\u00e8tica i \u00e9s anomenada depressi\u00f3 end\u00f2gena i quan existeix un motiu extern que la produeix, depressi\u00f3 reactiva.<\/p>\t\t\t\t\t\t\t\t<\/div>\n\t\t\t\t<\/div>\n\t\t\t\t\t<\/div>\n\t\t<\/div>\n\t\t\t\t\t<\/div>\n\t\t<\/section>\n\t\t\t\t<section class=\"elementor-section elementor-top-section elementor-element elementor-element-9f1d6b3 elementor-section-boxed elementor-section-height-default elementor-section-height-default\" data-id=\"9f1d6b3\" data-element_type=\"section\" data-e-type=\"section\">\n\t\t\t\t\t\t<div class=\"elementor-container elementor-column-gap-default\">\n\t\t\t\t\t<div class=\"elementor-column elementor-col-100 elementor-top-column elementor-element elementor-element-a537c10\" data-id=\"a537c10\" data-element_type=\"column\" data-e-type=\"column\">\n\t\t\t<div class=\"elementor-widget-wrap elementor-element-populated\">\n\t\t\t\t\t\t<div class=\"elementor-element elementor-element-a0dc15c elementor-widget elementor-widget-text-editor\" data-id=\"a0dc15c\" data-element_type=\"widget\" data-e-type=\"widget\" data-widget_type=\"text-editor.default\">\n\t\t\t\t<div class=\"elementor-widget-container\">\n\t\t\t\t\t\t\t\t\t<p>Els s\u00edmptomes m\u00e9s destacats son:<\/p><ul><li>Estat d\u2019\u00e0nim deprimit durant la major part del dia.<\/li><li>P\u00e8rdua d\u2019inter\u00e8s en les activitats habituals.<\/li><li>Fatiga.<\/li><li>Agitaci\u00f3 i inquietud.<\/li><li>Facilitat de plorar.<\/li><li>Irritabilitat.<\/li><li>Insomni.<\/li><li>P\u00e8rdua de pes.<\/li><li>Sentiment de culpa.<\/li><li>Incapacitat de concentrar-se.<\/li><li>Pensaments estranys i idees no habituals.<\/li><li>Sensaci\u00f3 de plenitud tor\u00e0cica.<\/li><li>Cos estrany a la gola.<\/li><\/ul><p><strong>DEPRESSI\u00d3 DES DE LA MEDICINA TRADICIONAL XINESA (MTX)<\/strong><\/p><p>El terme xin\u00e8s per a la depressi\u00f3 \u00e9s <em>\u201cYu\u201d,<\/em> que t\u00e9 un doble sentit, depressi\u00f3 i tamb\u00e9 estancament.\u00a0<\/p><p>Per entendre qualsevol disfunci\u00f3 des del punt de vista de la MTX, hem de partir de la fisiologia dels cinc elements, que per tenir una bona salut han d\u2019estar harmonitzats entre ells.\u00a0 Qualsevol desequilibri emocional, f\u00edsic o mental pot trencar aquesta harmonia i en el cas d\u2019una depressi\u00f3 el m\u00e9s habitual \u00e9s que en un primer estadi es bloquegi el Qi (energia) del Fetge.<\/p><p>El Fetge \u00e9s l\u2019\u00f2rgan encarregat de rebre totes les emocions i \u00e9s habitual que en moments d\u2019estr\u00e8s o d\u2019emocions m\u00e9s carregades del que \u00e9s habitual, quedi bloquejat i entri en disfunci\u00f3.<\/p><p>Una vegada el fetge est\u00e0 aturat, l\u2019expansi\u00f3 del flux energ\u00e8tic no es realitza, quedant alterats tant la part f\u00edsica com la part emocional del fetge, afectant a la creativitat i creaci\u00f3 de idees, els nous plans i somnis seran inexistents i la persona perdr\u00e0 la il\u00b7lusi\u00f3 de moltes de les activitats que abans li provocaven plaer.<\/p><p>Aquest estat \u00e9s habitual que puntualment pugui passar a qualsevol, si \u00e9s momentani i es torna a l\u2019estat normal \u00e9s possible que no deixi rastre de la depressi\u00f3, per\u00f2 quan es mant\u00e9 amb el temps, arriba un moment en que ja \u00e9s dif\u00edcil sortir-ne i el baix estat d\u2019\u00e0nims amb el conjunt d\u2019emocions que el poden acompanyar, \u00e9s constant fins a canviar per complert la percepci\u00f3 del\u00a0 dia a dia del que ho pateix.<\/p><p>El bloqueig de la energia (Qi) del fetge, \u00e9s el que queda afectat en un primer moment en una depressi\u00f3, per\u00f2 quan aquest perdura en el temps, els desequilibris poden anar succeint i manifestant disharmonies d\u2019altres \u00f2rgans tenint en compte la fisiologia dels cinc elements .<\/p><p>Per actuar en una depressi\u00f3, ser\u00e0 primordial desbloquejar el fetge i permetre que aquest torni a la seva posici\u00f3 d\u2019expansi\u00f3 per restablir l\u2019ordre a\u00a0 nivell f\u00edsic i emocional.<\/p>\t\t\t\t\t\t\t\t<\/div>\n\t\t\t\t<\/div>\n\t\t\t\t\t<\/div>\n\t\t<\/div>\n\t\t\t\t\t<\/div>\n\t\t<\/section>\n\t\t\t\t<\/div>\n\t\t","protected":false},"excerpt":{"rendered":"<p>Depressi\u00f3 La depressi\u00f3 es defineix com un canvi en l\u2019estat d\u2019\u00e0nim, que pot anar des d\u2019una tristesa lleu a un abatiment o sensaci\u00f3 d\u2019estar enfonsat. El canvi en l\u2019estat d\u2019\u00e0nim \u00e9s relativament fixe, pot persistir durant un per\u00edode determinat de temps i l\u2019acompanyen altres canvis en el comportament, actitud, pensament i en el funcionament fisiol\u00f2gic. [&hellip;]<\/p>\n","protected":false},"author":1,"featured_media":0,"parent":0,"menu_order":0,"comment_status":"closed","ping_status":"closed","template":"","meta":{"site-sidebar-layout":"no-sidebar","site-content-layout":"page-builder","ast-site-content-layout":"","site-content-style":"default","site-sidebar-style":"default","ast-global-header-display":"","ast-banner-title-visibility":"","ast-main-header-display":"","ast-hfb-above-header-display":"","ast-hfb-below-header-display":"","ast-hfb-mobile-header-display":"","site-post-title":"disabled","ast-breadcrumbs-content":"","ast-featured-img":"disabled","footer-sml-layout":"","theme-transparent-header-meta":"default","adv-header-id-meta":"","stick-header-meta":"default","header-above-stick-meta":"","header-main-stick-meta":"","header-below-stick-meta":"","astra-migrate-meta-layouts":"default","ast-page-background-enabled":"default","ast-page-background-meta":{"desktop":{"background-color":"","background-image":"","background-repeat":"repeat","background-position":"center center","background-size":"auto","background-attachment":"scroll","background-type":"","background-media":"","overlay-type":"","overlay-color":"","overlay-opacity":"","overlay-gradient":""},"tablet":{"background-color":"","background-image":"","background-repeat":"repeat","background-position":"center center","background-size":"auto","background-attachment":"scroll","background-type":"","background-media":"","overlay-type":"","overlay-color":"","overlay-opacity":"","overlay-gradient":""},"mobile":{"background-color":"","background-image":"","background-repeat":"repeat","background-position":"center center","background-size":"auto","background-attachment":"scroll","background-type":"","background-media":"","overlay-type":"","overlay-color":"","overlay-opacity":"","overlay-gradient":""}},"ast-content-background-meta":{"desktop":{"background-color":"var(--ast-global-color-5)","background-image":"","background-repeat":"repeat","background-position":"center center","background-size":"auto","background-attachment":"scroll","background-type":"","background-media":"","overlay-type":"","overlay-color":"","overlay-opacity":"","overlay-gradient":""},"tablet":{"background-color":"var(--ast-global-color-5)","background-image":"","background-repeat":"repeat","background-position":"center center","background-size":"auto","background-attachment":"scroll","background-type":"","background-media":"","overlay-type":"","overlay-color":"","overlay-opacity":"","overlay-gradient":""},"mobile":{"background-color":"var(--ast-global-color-5)","background-image":"","background-repeat":"repeat","background-position":"center center","background-size":"auto","background-attachment":"scroll","background-type":"","background-media":"","overlay-type":"","overlay-color":"","overlay-opacity":"","overlay-gradient":""}},"footnotes":""},"class_list":["post-240","page","type-page","status-publish","hentry"],"yoast_head":"<!-- This site is optimized with the Yoast SEO plugin v27.0 - https:\/\/yoast.com\/product\/yoast-seo-wordpress\/ -->\n<title>Depressi\u00f3 | Punt Salut<\/title>\n<meta name=\"robots\" content=\"index, follow, max-snippet:-1, max-image-preview:large, max-video-preview:-1\" \/>\n<link rel=\"canonical\" href=\"https:\/\/fortea.sytes.net\/pun\/depressio\/\" \/>\n<meta property=\"og:locale\" content=\"ca_ES\" \/>\n<meta property=\"og:type\" content=\"article\" \/>\n<meta property=\"og:title\" content=\"Depressi\u00f3 | Punt Salut\" \/>\n<meta property=\"og:description\" content=\"Depressi\u00f3 La depressi\u00f3 es defineix com un canvi en l\u2019estat d\u2019\u00e0nim, que pot anar des d\u2019una tristesa lleu a un abatiment o sensaci\u00f3 d\u2019estar enfonsat. El canvi en l\u2019estat d\u2019\u00e0nim \u00e9s relativament fixe, pot persistir durant un per\u00edode determinat de temps i l\u2019acompanyen altres canvis en el comportament, actitud, pensament i en el funcionament fisiol\u00f2gic. [&hellip;]\" \/>\n<meta property=\"og:url\" content=\"https:\/\/fortea.sytes.net\/pun\/depressio\/\" \/>\n<meta property=\"og:site_name\" content=\"Punt Salut\" \/>\n<meta property=\"article:modified_time\" content=\"2022-09-28T08:20:51+00:00\" \/>\n<meta property=\"og:image\" content=\"https:\/\/fortea.sytes.net\/pun\/wp-content\/uploads\/2020\/07\/depressio-original-1-300x200.jpg\" \/>\n<meta name=\"twitter:card\" content=\"summary_large_image\" \/>\n<meta name=\"twitter:label1\" content=\"Temps estimat de lectura\" \/>\n\t<meta name=\"twitter:data1\" content=\"3 minuts\" \/>\n<script type=\"application\/ld+json\" class=\"yoast-schema-graph\">{\"@context\":\"https:\/\/schema.org\",\"@graph\":[{\"@type\":\"WebPage\",\"@id\":\"https:\/\/fortea.sytes.net\/pun\/depressio\/\",\"url\":\"https:\/\/fortea.sytes.net\/pun\/depressio\/\",\"name\":\"Depressi\u00f3 | Punt Salut\",\"isPartOf\":{\"@id\":\"https:\/\/fortea.sytes.net\/pun\/#website\"},\"primaryImageOfPage\":{\"@id\":\"https:\/\/fortea.sytes.net\/pun\/depressio\/#primaryimage\"},\"image\":{\"@id\":\"https:\/\/fortea.sytes.net\/pun\/depressio\/#primaryimage\"},\"thumbnailUrl\":\"https:\/\/fortea.sytes.net\/pun\/wp-content\/uploads\/2020\/07\/depressio-original-1-300x200.jpg\",\"datePublished\":\"2020-07-05T08:44:30+00:00\",\"dateModified\":\"2022-09-28T08:20:51+00:00\",\"breadcrumb\":{\"@id\":\"https:\/\/fortea.sytes.net\/pun\/depressio\/#breadcrumb\"},\"inLanguage\":\"ca\",\"potentialAction\":[{\"@type\":\"ReadAction\",\"target\":[\"https:\/\/fortea.sytes.net\/pun\/depressio\/\"]}]},{\"@type\":\"ImageObject\",\"inLanguage\":\"ca\",\"@id\":\"https:\/\/fortea.sytes.net\/pun\/depressio\/#primaryimage\",\"url\":\"https:\/\/fortea.sytes.net\/pun\/wp-content\/uploads\/2020\/07\/depressio-original-1.jpg\",\"contentUrl\":\"https:\/\/fortea.sytes.net\/pun\/wp-content\/uploads\/2020\/07\/depressio-original-1.jpg\",\"width\":424,\"height\":283,\"caption\":\"depressi\u00f3 per problemes de diners\"},{\"@type\":\"BreadcrumbList\",\"@id\":\"https:\/\/fortea.sytes.net\/pun\/depressio\/#breadcrumb\",\"itemListElement\":[{\"@type\":\"ListItem\",\"position\":1,\"name\":\"Inici\",\"item\":\"https:\/\/fortea.sytes.net\/pun\/\"},{\"@type\":\"ListItem\",\"position\":2,\"name\":\"Depressi\u00f3\"}]},{\"@type\":\"WebSite\",\"@id\":\"https:\/\/fortea.sytes.net\/pun\/#website\",\"url\":\"https:\/\/fortea.sytes.net\/pun\/\",\"name\":\"Punt Salut\",\"description\":\"Centre de ter\u00e0pies naturals\",\"publisher\":{\"@id\":\"https:\/\/fortea.sytes.net\/pun\/#organization\"},\"potentialAction\":[{\"@type\":\"SearchAction\",\"target\":{\"@type\":\"EntryPoint\",\"urlTemplate\":\"https:\/\/fortea.sytes.net\/pun\/?s={search_term_string}\"},\"query-input\":{\"@type\":\"PropertyValueSpecification\",\"valueRequired\":true,\"valueName\":\"search_term_string\"}}],\"inLanguage\":\"ca\"},{\"@type\":\"Organization\",\"@id\":\"https:\/\/fortea.sytes.net\/pun\/#organization\",\"name\":\"Puntsalut\",\"url\":\"https:\/\/fortea.sytes.net\/pun\/\",\"logo\":{\"@type\":\"ImageObject\",\"inLanguage\":\"ca\",\"@id\":\"https:\/\/fortea.sytes.net\/pun\/#\/schema\/logo\/image\/\",\"url\":\"https:\/\/fortea.sytes.net\/pun\/wp-content\/uploads\/2020\/07\/cropped-logo-220-rosa-220x74-1.jpg\",\"contentUrl\":\"https:\/\/fortea.sytes.net\/pun\/wp-content\/uploads\/2020\/07\/cropped-logo-220-rosa-220x74-1.jpg\",\"width\":220,\"height\":74,\"caption\":\"Puntsalut\"},\"image\":{\"@id\":\"https:\/\/fortea.sytes.net\/pun\/#\/schema\/logo\/image\/\"}}]}<\/script>\n<!-- \/ Yoast SEO plugin. -->","yoast_head_json":{"title":"Depressi\u00f3 | Punt Salut","robots":{"index":"index","follow":"follow","max-snippet":"max-snippet:-1","max-image-preview":"max-image-preview:large","max-video-preview":"max-video-preview:-1"},"canonical":"https:\/\/fortea.sytes.net\/pun\/depressio\/","og_locale":"ca_ES","og_type":"article","og_title":"Depressi\u00f3 | Punt Salut","og_description":"Depressi\u00f3 La depressi\u00f3 es defineix com un canvi en l\u2019estat d\u2019\u00e0nim, que pot anar des d\u2019una tristesa lleu a un abatiment o sensaci\u00f3 d\u2019estar enfonsat. El canvi en l\u2019estat d\u2019\u00e0nim \u00e9s relativament fixe, pot persistir durant un per\u00edode determinat de temps i l\u2019acompanyen altres canvis en el comportament, actitud, pensament i en el funcionament fisiol\u00f2gic. [&hellip;]","og_url":"https:\/\/fortea.sytes.net\/pun\/depressio\/","og_site_name":"Punt Salut","article_modified_time":"2022-09-28T08:20:51+00:00","og_image":[{"url":"https:\/\/fortea.sytes.net\/pun\/wp-content\/uploads\/2020\/07\/depressio-original-1-300x200.jpg","type":"","width":"","height":""}],"twitter_card":"summary_large_image","twitter_misc":{"Temps estimat de lectura":"3 minuts"},"schema":{"@context":"https:\/\/schema.org","@graph":[{"@type":"WebPage","@id":"https:\/\/fortea.sytes.net\/pun\/depressio\/","url":"https:\/\/fortea.sytes.net\/pun\/depressio\/","name":"Depressi\u00f3 | Punt Salut","isPartOf":{"@id":"https:\/\/fortea.sytes.net\/pun\/#website"},"primaryImageOfPage":{"@id":"https:\/\/fortea.sytes.net\/pun\/depressio\/#primaryimage"},"image":{"@id":"https:\/\/fortea.sytes.net\/pun\/depressio\/#primaryimage"},"thumbnailUrl":"https:\/\/fortea.sytes.net\/pun\/wp-content\/uploads\/2020\/07\/depressio-original-1-300x200.jpg","datePublished":"2020-07-05T08:44:30+00:00","dateModified":"2022-09-28T08:20:51+00:00","breadcrumb":{"@id":"https:\/\/fortea.sytes.net\/pun\/depressio\/#breadcrumb"},"inLanguage":"ca","potentialAction":[{"@type":"ReadAction","target":["https:\/\/fortea.sytes.net\/pun\/depressio\/"]}]},{"@type":"ImageObject","inLanguage":"ca","@id":"https:\/\/fortea.sytes.net\/pun\/depressio\/#primaryimage","url":"https:\/\/fortea.sytes.net\/pun\/wp-content\/uploads\/2020\/07\/depressio-original-1.jpg","contentUrl":"https:\/\/fortea.sytes.net\/pun\/wp-content\/uploads\/2020\/07\/depressio-original-1.jpg","width":424,"height":283,"caption":"depressi\u00f3 per problemes de diners"},{"@type":"BreadcrumbList","@id":"https:\/\/fortea.sytes.net\/pun\/depressio\/#breadcrumb","itemListElement":[{"@type":"ListItem","position":1,"name":"Inici","item":"https:\/\/fortea.sytes.net\/pun\/"},{"@type":"ListItem","position":2,"name":"Depressi\u00f3"}]},{"@type":"WebSite","@id":"https:\/\/fortea.sytes.net\/pun\/#website","url":"https:\/\/fortea.sytes.net\/pun\/","name":"Punt Salut","description":"Centre de ter\u00e0pies naturals","publisher":{"@id":"https:\/\/fortea.sytes.net\/pun\/#organization"},"potentialAction":[{"@type":"SearchAction","target":{"@type":"EntryPoint","urlTemplate":"https:\/\/fortea.sytes.net\/pun\/?s={search_term_string}"},"query-input":{"@type":"PropertyValueSpecification","valueRequired":true,"valueName":"search_term_string"}}],"inLanguage":"ca"},{"@type":"Organization","@id":"https:\/\/fortea.sytes.net\/pun\/#organization","name":"Puntsalut","url":"https:\/\/fortea.sytes.net\/pun\/","logo":{"@type":"ImageObject","inLanguage":"ca","@id":"https:\/\/fortea.sytes.net\/pun\/#\/schema\/logo\/image\/","url":"https:\/\/fortea.sytes.net\/pun\/wp-content\/uploads\/2020\/07\/cropped-logo-220-rosa-220x74-1.jpg","contentUrl":"https:\/\/fortea.sytes.net\/pun\/wp-content\/uploads\/2020\/07\/cropped-logo-220-rosa-220x74-1.jpg","width":220,"height":74,"caption":"Puntsalut"},"image":{"@id":"https:\/\/fortea.sytes.net\/pun\/#\/schema\/logo\/image\/"}}]}},"_links":{"self":[{"href":"https:\/\/fortea.sytes.net\/pun\/wp-json\/wp\/v2\/pages\/240","targetHints":{"allow":["GET"]}}],"collection":[{"href":"https:\/\/fortea.sytes.net\/pun\/wp-json\/wp\/v2\/pages"}],"about":[{"href":"https:\/\/fortea.sytes.net\/pun\/wp-json\/wp\/v2\/types\/page"}],"author":[{"embeddable":true,"href":"https:\/\/fortea.sytes.net\/pun\/wp-json\/wp\/v2\/users\/1"}],"replies":[{"embeddable":true,"href":"https:\/\/fortea.sytes.net\/pun\/wp-json\/wp\/v2\/comments?post=240"}],"version-history":[{"count":0,"href":"https:\/\/fortea.sytes.net\/pun\/wp-json\/wp\/v2\/pages\/240\/revisions"}],"wp:attachment":[{"href":"https:\/\/fortea.sytes.net\/pun\/wp-json\/wp\/v2\/media?parent=240"}],"curies":[{"name":"wp","href":"https:\/\/api.w.org\/{rel}","templated":true}]}}