{"id":238,"date":"2020-07-05T10:44:08","date_gmt":"2020-07-05T08:44:08","guid":{"rendered":"https:\/\/fortea.sytes.net\/pun\/?page_id=238"},"modified":"2022-10-30T21:25:16","modified_gmt":"2022-10-30T19:25:16","slug":"ansietat","status":"publish","type":"page","link":"https:\/\/fortea.sytes.net\/pun\/ansietat\/","title":{"rendered":"Ansietat"},"content":{"rendered":"\t\t<div data-elementor-type=\"wp-page\" data-elementor-id=\"238\" class=\"elementor elementor-238\" data-elementor-post-type=\"page\">\n\t\t\t\t\t\t<section class=\"elementor-section elementor-top-section elementor-element elementor-element-357e33f elementor-section-boxed elementor-section-height-default elementor-section-height-default\" data-id=\"357e33f\" data-element_type=\"section\" data-e-type=\"section\">\n\t\t\t\t\t\t<div class=\"elementor-container elementor-column-gap-default\">\n\t\t\t\t\t<div class=\"elementor-column elementor-col-100 elementor-top-column elementor-element elementor-element-151562e\" data-id=\"151562e\" data-element_type=\"column\" data-e-type=\"column\">\n\t\t\t<div class=\"elementor-widget-wrap elementor-element-populated\">\n\t\t\t\t\t\t<div class=\"elementor-element elementor-element-da240e5 elementor-widget elementor-widget-heading\" data-id=\"da240e5\" data-element_type=\"widget\" data-e-type=\"widget\" data-widget_type=\"heading.default\">\n\t\t\t\t<div class=\"elementor-widget-container\">\n\t\t\t\t\t<h2 class=\"elementor-heading-title elementor-size-default\">Ansietat<\/h2>\t\t\t\t<\/div>\n\t\t\t\t<\/div>\n\t\t\t\t\t<\/div>\n\t\t<\/div>\n\t\t\t\t\t<\/div>\n\t\t<\/section>\n\t\t\t\t<section class=\"elementor-section elementor-top-section elementor-element elementor-element-91e97be elementor-section-boxed elementor-section-height-default elementor-section-height-default\" data-id=\"91e97be\" data-element_type=\"section\" data-e-type=\"section\">\n\t\t\t\t\t\t<div class=\"elementor-container elementor-column-gap-default\">\n\t\t\t\t\t<div class=\"elementor-column elementor-col-100 elementor-top-column elementor-element elementor-element-565a223\" data-id=\"565a223\" data-element_type=\"column\" data-e-type=\"column\">\n\t\t\t<div class=\"elementor-widget-wrap elementor-element-populated\">\n\t\t\t\t\t\t<div class=\"elementor-element elementor-element-e329ac6 elementor-widget-divider--view-line elementor-widget elementor-widget-divider\" data-id=\"e329ac6\" data-element_type=\"widget\" data-e-type=\"widget\" data-widget_type=\"divider.default\">\n\t\t\t\t<div class=\"elementor-widget-container\">\n\t\t\t\t\t\t\t<div class=\"elementor-divider\">\n\t\t\t<span class=\"elementor-divider-separator\">\n\t\t\t\t\t\t<\/span>\n\t\t<\/div>\n\t\t\t\t\t\t<\/div>\n\t\t\t\t<\/div>\n\t\t\t\t<div class=\"elementor-element elementor-element-5f62d99 elementor-align-center elementor-widget elementor-widget-breadcrumbs\" data-id=\"5f62d99\" data-element_type=\"widget\" data-e-type=\"widget\" data-widget_type=\"breadcrumbs.default\">\n\t\t\t\t<div class=\"elementor-widget-container\">\n\t\t\t\t\t<p id=\"breadcrumbs\"><span><span><a href=\"https:\/\/fortea.sytes.net\/pun\/\">Inici<\/a><\/span><\/span><\/p>\t\t\t\t<\/div>\n\t\t\t\t<\/div>\n\t\t\t\t\t<\/div>\n\t\t<\/div>\n\t\t\t\t\t<\/div>\n\t\t<\/section>\n\t\t\t\t<section class=\"elementor-section elementor-top-section elementor-element elementor-element-b1ae01c elementor-section-boxed elementor-section-height-default elementor-section-height-default\" data-id=\"b1ae01c\" data-element_type=\"section\" data-e-type=\"section\">\n\t\t\t\t\t\t<div class=\"elementor-container elementor-column-gap-default\">\n\t\t\t\t\t<div class=\"elementor-column elementor-col-50 elementor-top-column elementor-element elementor-element-25af0a7\" data-id=\"25af0a7\" data-element_type=\"column\" data-e-type=\"column\">\n\t\t\t<div class=\"elementor-widget-wrap elementor-element-populated\">\n\t\t\t\t\t\t<div class=\"elementor-element elementor-element-698d083 elementor-widget elementor-widget-image\" data-id=\"698d083\" data-element_type=\"widget\" data-e-type=\"widget\" data-widget_type=\"image.default\">\n\t\t\t\t<div class=\"elementor-widget-container\">\n\t\t\t\t\t\t\t\t\t\t\t\t\t\t\t<img fetchpriority=\"high\" decoding=\"async\" width=\"424\" height=\"283\" src=\"https:\/\/fortea.sytes.net\/pun\/wp-content\/uploads\/2020\/07\/ansietat-estres-original2-1.jpg\" class=\"attachment-large size-large wp-image-375\" alt=\"Dona corporativa repugnada per haver arribat tard a una persona, fent una cara mentre mirava el rellotge\" srcset=\"https:\/\/fortea.sytes.net\/pun\/wp-content\/uploads\/2020\/07\/ansietat-estres-original2-1.jpg 424w, https:\/\/fortea.sytes.net\/pun\/wp-content\/uploads\/2020\/07\/ansietat-estres-original2-1-300x200.jpg 300w\" sizes=\"(max-width: 424px) 100vw, 424px\" \/>\t\t\t\t\t\t\t\t\t\t\t\t\t\t\t<\/div>\n\t\t\t\t<\/div>\n\t\t\t\t\t<\/div>\n\t\t<\/div>\n\t\t\t\t<div class=\"elementor-column elementor-col-50 elementor-top-column elementor-element elementor-element-4ba6314\" data-id=\"4ba6314\" data-element_type=\"column\" data-e-type=\"column\">\n\t\t\t<div class=\"elementor-widget-wrap elementor-element-populated\">\n\t\t\t\t\t\t<div class=\"elementor-element elementor-element-f0036e8 elementor-widget elementor-widget-text-editor\" data-id=\"f0036e8\" data-element_type=\"widget\" data-e-type=\"widget\" data-widget_type=\"text-editor.default\">\n\t\t\t\t<div class=\"elementor-widget-container\">\n\t\t\t\t\t\t\t\t\t<p>Podem definir un estat d\u2019ansietat com una reacci\u00f3 que fa el cos per adaptar-se a l\u2019estr\u00e8s, per\u00f2 quan es converteix en una reacci\u00f3 de por i terror davant de diverses situacions i de manera continuada, es pot considerar com un trastorn, i pot ser tractat.\u00a0 Trobem diferents tipus d\u2019ansietat per\u00f2 tots amb un component de por irracional i preocupaci\u00f3.<\/p><ol><li>Un <em>Trastorn d\u2019ansietat generalitzada<\/em> (TAG), \u00e9s un estat cr\u00f2nic de preocupaci\u00f3 excessiva i incontrolada sobre les coses quotidianes del dia a dia i no necess\u00e0riament va acompanyat de moments de crisi.<\/li><li>Un <em>Trastorn de p\u00e0nic<\/em>, \u00e9s una situaci\u00f3 aguda que causa atacs de p\u00e0nic sense un perill aparent en la majoria de les vegades.<\/li><\/ol>\t\t\t\t\t\t\t\t<\/div>\n\t\t\t\t<\/div>\n\t\t\t\t\t<\/div>\n\t\t<\/div>\n\t\t\t\t\t<\/div>\n\t\t<\/section>\n\t\t\t\t<section class=\"elementor-section elementor-top-section elementor-element elementor-element-ea13790 elementor-section-boxed elementor-section-height-default elementor-section-height-default\" data-id=\"ea13790\" data-element_type=\"section\" data-e-type=\"section\">\n\t\t\t\t\t\t<div class=\"elementor-container elementor-column-gap-default\">\n\t\t\t\t\t<div class=\"elementor-column elementor-col-100 elementor-top-column elementor-element elementor-element-bbef5d7\" data-id=\"bbef5d7\" data-element_type=\"column\" data-e-type=\"column\">\n\t\t\t<div class=\"elementor-widget-wrap elementor-element-populated\">\n\t\t\t\t\t\t<div class=\"elementor-element elementor-element-58e5637 elementor-widget elementor-widget-text-editor\" data-id=\"58e5637\" data-element_type=\"widget\" data-e-type=\"widget\" data-widget_type=\"text-editor.default\">\n\t\t\t\t<div class=\"elementor-widget-container\">\n\t\t\t\t\t\t\t\t\t<ol><li value=\"3\">Un <em>trastorn obsessiu convulsiu<\/em> (TOC), \u00e9s un trastorn en el qual les persones tenen pensaments, sentiments, idees i obsessions que els impulsen a tenir comportaments repetitius, inc\u00f2modes, desagradables i incontrolables.<\/li><li>Una <em>F\u00f2bia<\/em>, \u00e9s una por persistent i irracional davant situacions concretes com algun tipus d\u2019animal, volar amb avi\u00f3, o tamb\u00e9 pot trobar-se una f\u00f2bia social quan les persones eviten actes social i tendeixen a l\u2019a\u00efllament.<\/li><\/ol><p>Els s\u00edmptomes que acompanyen una ansietat poden ser diversos:<\/p><ul><li>Palpitacions<\/li><li>Tensi\u00f3 muscular<\/li><li>Inquietud<\/li><li>N\u00e0usees\u00a0<\/li><li>Malestar intestinal o diarrea<\/li><li>Irritabilitat<\/li><li>Opressi\u00f3 tor\u00e0cica amb o sense dolor punxant<\/li><li>Dificultat per tragar<\/li><li>Cansament<\/li><li>Insomni<\/li><li>Fred<\/li><li>Mans fredes i humides.<\/li><\/ul><p><strong>ANSIETAT DES DE LA MEDICINA TRADICIONAL XINESA (MTX)<\/strong><\/p><p>A la MTX antiga no existeix una entitat com a tal, i les tres entitats que es corresponen amb la ansietat son: Agitaci\u00f3 <em>(Zang Zao<\/em>), Por i Palpitacions <em>(Zheng Chong<\/em>), i P\u00e0nic terrible (<em>Jing Ji).<\/em><\/p><p>Per entendre qualsevol disfunci\u00f3 des del punt de vista de la MTX, tenim que partir de la fisiologia dels cinc \u00f2rgans interns i de la teoria del Yin\/Yang, que per presentar una bona salut, tenen que estar en harmonia entre ells.\u00a0 Qualsevol desequilibri emocional, f\u00edsic o mental pot trencar l\u2019ordre, i en el cas d\u2019una ansietat, \u00e9s habitual que l\u2019\u00f2rgan Cor estigui alterat.<\/p><p>Les disfuncions del \u00f2rgan Cor, poden ser de plenitud o d\u2019insufici\u00e8ncia.\u00a0 Quan Tenim el Cor en plenitud, \u00e9s habitual que el factor patogen que l\u2019altera sigui el calor, i per aix\u00f2 es presenta inquietud i intranquil\u00b7litat constant.\u00a0 En el cas que l\u2019\u00f2rgan Cor estigui en defici\u00e8ncia, el que est\u00e0 alterat \u00e9s la nutrici\u00f3 i per aix\u00f2 actuarem a nodrir-lo.<\/p><p>La MTX actua amb les seves eines, sobretot acupuntura i fitoter\u00e0pia xinesa per tornar a l\u2019estat d\u2019harmonia i eliminar la ansietat.<\/p>\t\t\t\t\t\t\t\t<\/div>\n\t\t\t\t<\/div>\n\t\t\t\t\t<\/div>\n\t\t<\/div>\n\t\t\t\t\t<\/div>\n\t\t<\/section>\n\t\t\t\t<\/div>\n\t\t","protected":false},"excerpt":{"rendered":"<p>Ansietat Podem definir un estat d\u2019ansietat com una reacci\u00f3 que fa el cos per adaptar-se a l\u2019estr\u00e8s, per\u00f2 quan es converteix en una reacci\u00f3 de por i terror davant de diverses situacions i de manera continuada, es pot considerar com un trastorn, i pot ser tractat.&nbsp; Trobem diferents tipus d\u2019ansietat per\u00f2 tots amb un component [&hellip;]<\/p>\n","protected":false},"author":1,"featured_media":0,"parent":0,"menu_order":0,"comment_status":"closed","ping_status":"closed","template":"","meta":{"site-sidebar-layout":"no-sidebar","site-content-layout":"page-builder","ast-site-content-layout":"","site-content-style":"default","site-sidebar-style":"default","ast-global-header-display":"","ast-banner-title-visibility":"","ast-main-header-display":"","ast-hfb-above-header-display":"","ast-hfb-below-header-display":"","ast-hfb-mobile-header-display":"","site-post-title":"disabled","ast-breadcrumbs-content":"","ast-featured-img":"disabled","footer-sml-layout":"","theme-transparent-header-meta":"default","adv-header-id-meta":"","stick-header-meta":"default","header-above-stick-meta":"","header-main-stick-meta":"","header-below-stick-meta":"","astra-migrate-meta-layouts":"default","ast-page-background-enabled":"default","ast-page-background-meta":{"desktop":{"background-color":"","background-image":"","background-repeat":"repeat","background-position":"center center","background-size":"auto","background-attachment":"scroll","background-type":"","background-media":"","overlay-type":"","overlay-color":"","overlay-opacity":"","overlay-gradient":""},"tablet":{"background-color":"","background-image":"","background-repeat":"repeat","background-position":"center center","background-size":"auto","background-attachment":"scroll","background-type":"","background-media":"","overlay-type":"","overlay-color":"","overlay-opacity":"","overlay-gradient":""},"mobile":{"background-color":"","background-image":"","background-repeat":"repeat","background-position":"center center","background-size":"auto","background-attachment":"scroll","background-type":"","background-media":"","overlay-type":"","overlay-color":"","overlay-opacity":"","overlay-gradient":""}},"ast-content-background-meta":{"desktop":{"background-color":"var(--ast-global-color-5)","background-image":"","background-repeat":"repeat","background-position":"center center","background-size":"auto","background-attachment":"scroll","background-type":"","background-media":"","overlay-type":"","overlay-color":"","overlay-opacity":"","overlay-gradient":""},"tablet":{"background-color":"var(--ast-global-color-5)","background-image":"","background-repeat":"repeat","background-position":"center center","background-size":"auto","background-attachment":"scroll","background-type":"","background-media":"","overlay-type":"","overlay-color":"","overlay-opacity":"","overlay-gradient":""},"mobile":{"background-color":"var(--ast-global-color-5)","background-image":"","background-repeat":"repeat","background-position":"center center","background-size":"auto","background-attachment":"scroll","background-type":"","background-media":"","overlay-type":"","overlay-color":"","overlay-opacity":"","overlay-gradient":""}},"footnotes":""},"class_list":["post-238","page","type-page","status-publish","hentry"],"yoast_head":"<!-- This site is optimized with the Yoast SEO plugin v27.0 - https:\/\/yoast.com\/product\/yoast-seo-wordpress\/ -->\n<title>El Trastorn d&#039;ansietat | Punt Salut<\/title>\n<meta name=\"description\" content=\"A Puntsalut et podem ajudar a superar els teus problemes d&#039;ansietat que tant afecten a la vida di\u00e0ria dels que la pateixen\" \/>\n<meta name=\"robots\" content=\"index, follow, max-snippet:-1, max-image-preview:large, max-video-preview:-1\" \/>\n<link rel=\"canonical\" href=\"https:\/\/fortea.sytes.net\/pun\/ansietat\/\" \/>\n<meta property=\"og:locale\" content=\"ca_ES\" \/>\n<meta property=\"og:type\" content=\"article\" \/>\n<meta property=\"og:title\" content=\"El Trastorn d&#039;ansietat | Punt Salut\" \/>\n<meta property=\"og:description\" content=\"A Puntsalut et podem ajudar a superar els teus problemes d&#039;ansietat que tant afecten a la vida di\u00e0ria dels que la pateixen\" \/>\n<meta property=\"og:url\" content=\"https:\/\/fortea.sytes.net\/pun\/ansietat\/\" \/>\n<meta property=\"og:site_name\" content=\"Punt Salut\" \/>\n<meta property=\"article:modified_time\" content=\"2022-10-30T19:25:16+00:00\" \/>\n<meta property=\"og:image\" content=\"https:\/\/fortea.sytes.net\/pun\/wp-content\/uploads\/2020\/07\/ansietat-estres-original2-1.jpg\" \/>\n<meta name=\"twitter:card\" content=\"summary_large_image\" \/>\n<meta name=\"twitter:label1\" content=\"Temps estimat de lectura\" \/>\n\t<meta name=\"twitter:data1\" content=\"3 minuts\" \/>\n<script type=\"application\/ld+json\" class=\"yoast-schema-graph\">{\"@context\":\"https:\/\/schema.org\",\"@graph\":[{\"@type\":\"WebPage\",\"@id\":\"https:\/\/fortea.sytes.net\/pun\/ansietat\/\",\"url\":\"https:\/\/fortea.sytes.net\/pun\/ansietat\/\",\"name\":\"El Trastorn d'ansietat | Punt Salut\",\"isPartOf\":{\"@id\":\"https:\/\/fortea.sytes.net\/pun\/#website\"},\"primaryImageOfPage\":{\"@id\":\"https:\/\/fortea.sytes.net\/pun\/ansietat\/#primaryimage\"},\"image\":{\"@id\":\"https:\/\/fortea.sytes.net\/pun\/ansietat\/#primaryimage\"},\"thumbnailUrl\":\"https:\/\/fortea.sytes.net\/pun\/wp-content\/uploads\/2020\/07\/ansietat-estres-original2-1.jpg\",\"datePublished\":\"2020-07-05T08:44:08+00:00\",\"dateModified\":\"2022-10-30T19:25:16+00:00\",\"description\":\"A Puntsalut et podem ajudar a superar els teus problemes d'ansietat que tant afecten a la vida di\u00e0ria dels que la pateixen\",\"breadcrumb\":{\"@id\":\"https:\/\/fortea.sytes.net\/pun\/ansietat\/#breadcrumb\"},\"inLanguage\":\"ca\",\"potentialAction\":[{\"@type\":\"ReadAction\",\"target\":[\"https:\/\/fortea.sytes.net\/pun\/ansietat\/\"]}]},{\"@type\":\"ImageObject\",\"inLanguage\":\"ca\",\"@id\":\"https:\/\/fortea.sytes.net\/pun\/ansietat\/#primaryimage\",\"url\":\"https:\/\/fortea.sytes.net\/pun\/wp-content\/uploads\/2020\/07\/ansietat-estres-original2-1.jpg\",\"contentUrl\":\"https:\/\/fortea.sytes.net\/pun\/wp-content\/uploads\/2020\/07\/ansietat-estres-original2-1.jpg\",\"width\":424,\"height\":283,\"caption\":\"Dona corporativa repugnada per haver arribat tard a una persona, fent una cara mentre mirava el rellotge\"},{\"@type\":\"BreadcrumbList\",\"@id\":\"https:\/\/fortea.sytes.net\/pun\/ansietat\/#breadcrumb\",\"itemListElement\":[{\"@type\":\"ListItem\",\"position\":1,\"name\":\"Inici\",\"item\":\"https:\/\/fortea.sytes.net\/pun\/\"},{\"@type\":\"ListItem\",\"position\":2,\"name\":\"Ansietat\"}]},{\"@type\":\"WebSite\",\"@id\":\"https:\/\/fortea.sytes.net\/pun\/#website\",\"url\":\"https:\/\/fortea.sytes.net\/pun\/\",\"name\":\"Punt Salut\",\"description\":\"Centre de ter\u00e0pies naturals\",\"publisher\":{\"@id\":\"https:\/\/fortea.sytes.net\/pun\/#organization\"},\"potentialAction\":[{\"@type\":\"SearchAction\",\"target\":{\"@type\":\"EntryPoint\",\"urlTemplate\":\"https:\/\/fortea.sytes.net\/pun\/?s={search_term_string}\"},\"query-input\":{\"@type\":\"PropertyValueSpecification\",\"valueRequired\":true,\"valueName\":\"search_term_string\"}}],\"inLanguage\":\"ca\"},{\"@type\":\"Organization\",\"@id\":\"https:\/\/fortea.sytes.net\/pun\/#organization\",\"name\":\"Puntsalut\",\"url\":\"https:\/\/fortea.sytes.net\/pun\/\",\"logo\":{\"@type\":\"ImageObject\",\"inLanguage\":\"ca\",\"@id\":\"https:\/\/fortea.sytes.net\/pun\/#\/schema\/logo\/image\/\",\"url\":\"https:\/\/fortea.sytes.net\/pun\/wp-content\/uploads\/2020\/07\/cropped-logo-220-rosa-220x74-1.jpg\",\"contentUrl\":\"https:\/\/fortea.sytes.net\/pun\/wp-content\/uploads\/2020\/07\/cropped-logo-220-rosa-220x74-1.jpg\",\"width\":220,\"height\":74,\"caption\":\"Puntsalut\"},\"image\":{\"@id\":\"https:\/\/fortea.sytes.net\/pun\/#\/schema\/logo\/image\/\"}}]}<\/script>\n<!-- \/ Yoast SEO plugin. -->","yoast_head_json":{"title":"El Trastorn d'ansietat | Punt Salut","description":"A Puntsalut et podem ajudar a superar els teus problemes d'ansietat que tant afecten a la vida di\u00e0ria dels que la pateixen","robots":{"index":"index","follow":"follow","max-snippet":"max-snippet:-1","max-image-preview":"max-image-preview:large","max-video-preview":"max-video-preview:-1"},"canonical":"https:\/\/fortea.sytes.net\/pun\/ansietat\/","og_locale":"ca_ES","og_type":"article","og_title":"El Trastorn d'ansietat | Punt Salut","og_description":"A Puntsalut et podem ajudar a superar els teus problemes d'ansietat que tant afecten a la vida di\u00e0ria dels que la pateixen","og_url":"https:\/\/fortea.sytes.net\/pun\/ansietat\/","og_site_name":"Punt Salut","article_modified_time":"2022-10-30T19:25:16+00:00","og_image":[{"url":"https:\/\/fortea.sytes.net\/pun\/wp-content\/uploads\/2020\/07\/ansietat-estres-original2-1.jpg","type":"","width":"","height":""}],"twitter_card":"summary_large_image","twitter_misc":{"Temps estimat de lectura":"3 minuts"},"schema":{"@context":"https:\/\/schema.org","@graph":[{"@type":"WebPage","@id":"https:\/\/fortea.sytes.net\/pun\/ansietat\/","url":"https:\/\/fortea.sytes.net\/pun\/ansietat\/","name":"El Trastorn d'ansietat | Punt Salut","isPartOf":{"@id":"https:\/\/fortea.sytes.net\/pun\/#website"},"primaryImageOfPage":{"@id":"https:\/\/fortea.sytes.net\/pun\/ansietat\/#primaryimage"},"image":{"@id":"https:\/\/fortea.sytes.net\/pun\/ansietat\/#primaryimage"},"thumbnailUrl":"https:\/\/fortea.sytes.net\/pun\/wp-content\/uploads\/2020\/07\/ansietat-estres-original2-1.jpg","datePublished":"2020-07-05T08:44:08+00:00","dateModified":"2022-10-30T19:25:16+00:00","description":"A Puntsalut et podem ajudar a superar els teus problemes d'ansietat que tant afecten a la vida di\u00e0ria dels que la pateixen","breadcrumb":{"@id":"https:\/\/fortea.sytes.net\/pun\/ansietat\/#breadcrumb"},"inLanguage":"ca","potentialAction":[{"@type":"ReadAction","target":["https:\/\/fortea.sytes.net\/pun\/ansietat\/"]}]},{"@type":"ImageObject","inLanguage":"ca","@id":"https:\/\/fortea.sytes.net\/pun\/ansietat\/#primaryimage","url":"https:\/\/fortea.sytes.net\/pun\/wp-content\/uploads\/2020\/07\/ansietat-estres-original2-1.jpg","contentUrl":"https:\/\/fortea.sytes.net\/pun\/wp-content\/uploads\/2020\/07\/ansietat-estres-original2-1.jpg","width":424,"height":283,"caption":"Dona corporativa repugnada per haver arribat tard a una persona, fent una cara mentre mirava el rellotge"},{"@type":"BreadcrumbList","@id":"https:\/\/fortea.sytes.net\/pun\/ansietat\/#breadcrumb","itemListElement":[{"@type":"ListItem","position":1,"name":"Inici","item":"https:\/\/fortea.sytes.net\/pun\/"},{"@type":"ListItem","position":2,"name":"Ansietat"}]},{"@type":"WebSite","@id":"https:\/\/fortea.sytes.net\/pun\/#website","url":"https:\/\/fortea.sytes.net\/pun\/","name":"Punt Salut","description":"Centre de ter\u00e0pies naturals","publisher":{"@id":"https:\/\/fortea.sytes.net\/pun\/#organization"},"potentialAction":[{"@type":"SearchAction","target":{"@type":"EntryPoint","urlTemplate":"https:\/\/fortea.sytes.net\/pun\/?s={search_term_string}"},"query-input":{"@type":"PropertyValueSpecification","valueRequired":true,"valueName":"search_term_string"}}],"inLanguage":"ca"},{"@type":"Organization","@id":"https:\/\/fortea.sytes.net\/pun\/#organization","name":"Puntsalut","url":"https:\/\/fortea.sytes.net\/pun\/","logo":{"@type":"ImageObject","inLanguage":"ca","@id":"https:\/\/fortea.sytes.net\/pun\/#\/schema\/logo\/image\/","url":"https:\/\/fortea.sytes.net\/pun\/wp-content\/uploads\/2020\/07\/cropped-logo-220-rosa-220x74-1.jpg","contentUrl":"https:\/\/fortea.sytes.net\/pun\/wp-content\/uploads\/2020\/07\/cropped-logo-220-rosa-220x74-1.jpg","width":220,"height":74,"caption":"Puntsalut"},"image":{"@id":"https:\/\/fortea.sytes.net\/pun\/#\/schema\/logo\/image\/"}}]}},"_links":{"self":[{"href":"https:\/\/fortea.sytes.net\/pun\/wp-json\/wp\/v2\/pages\/238","targetHints":{"allow":["GET"]}}],"collection":[{"href":"https:\/\/fortea.sytes.net\/pun\/wp-json\/wp\/v2\/pages"}],"about":[{"href":"https:\/\/fortea.sytes.net\/pun\/wp-json\/wp\/v2\/types\/page"}],"author":[{"embeddable":true,"href":"https:\/\/fortea.sytes.net\/pun\/wp-json\/wp\/v2\/users\/1"}],"replies":[{"embeddable":true,"href":"https:\/\/fortea.sytes.net\/pun\/wp-json\/wp\/v2\/comments?post=238"}],"version-history":[{"count":0,"href":"https:\/\/fortea.sytes.net\/pun\/wp-json\/wp\/v2\/pages\/238\/revisions"}],"wp:attachment":[{"href":"https:\/\/fortea.sytes.net\/pun\/wp-json\/wp\/v2\/media?parent=238"}],"curies":[{"name":"wp","href":"https:\/\/api.w.org\/{rel}","templated":true}]}}