{"id":189,"date":"2020-07-05T10:30:19","date_gmt":"2020-07-05T08:30:19","guid":{"rendered":"https:\/\/fortea.sytes.net\/pun\/?page_id=189"},"modified":"2022-09-28T10:11:22","modified_gmt":"2022-09-28T08:11:22","slug":"que-es-la-mtx","status":"publish","type":"page","link":"https:\/\/fortea.sytes.net\/pun\/que-es-la-mtx\/","title":{"rendered":"Qu\u00e8 \u00e9s la MTX?"},"content":{"rendered":"\t\t<div data-elementor-type=\"wp-page\" data-elementor-id=\"189\" class=\"elementor elementor-189\" data-elementor-post-type=\"page\">\n\t\t\t\t\t\t<section class=\"elementor-section elementor-top-section elementor-element elementor-element-aa31b4d elementor-section-boxed elementor-section-height-default elementor-section-height-default\" data-id=\"aa31b4d\" data-element_type=\"section\" data-e-type=\"section\">\n\t\t\t\t\t\t<div class=\"elementor-container elementor-column-gap-default\">\n\t\t\t\t\t<div class=\"elementor-column elementor-col-100 elementor-top-column elementor-element elementor-element-ba1e02f\" data-id=\"ba1e02f\" data-element_type=\"column\" data-e-type=\"column\">\n\t\t\t<div class=\"elementor-widget-wrap elementor-element-populated\">\n\t\t\t\t\t\t<div class=\"elementor-element elementor-element-a0c03c3 elementor-widget elementor-widget-heading\" data-id=\"a0c03c3\" data-element_type=\"widget\" data-e-type=\"widget\" data-widget_type=\"heading.default\">\n\t\t\t\t<div class=\"elementor-widget-container\">\n\t\t\t\t\t<h2 class=\"elementor-heading-title elementor-size-default\">Qu\u00e8 \u00e9s la MTX?<\/h2>\t\t\t\t<\/div>\n\t\t\t\t<\/div>\n\t\t\t\t\t<\/div>\n\t\t<\/div>\n\t\t\t\t\t<\/div>\n\t\t<\/section>\n\t\t\t\t<section class=\"elementor-section elementor-top-section elementor-element elementor-element-dd5b190 elementor-section-boxed elementor-section-height-default elementor-section-height-default\" data-id=\"dd5b190\" data-element_type=\"section\" data-e-type=\"section\">\n\t\t\t\t\t\t<div class=\"elementor-container elementor-column-gap-default\">\n\t\t\t\t\t<div class=\"elementor-column elementor-col-100 elementor-top-column elementor-element elementor-element-38dbf7d\" data-id=\"38dbf7d\" data-element_type=\"column\" data-e-type=\"column\">\n\t\t\t<div class=\"elementor-widget-wrap elementor-element-populated\">\n\t\t\t\t\t\t<div class=\"elementor-element elementor-element-e3207f6 elementor-widget-divider--view-line elementor-widget elementor-widget-divider\" data-id=\"e3207f6\" data-element_type=\"widget\" data-e-type=\"widget\" data-widget_type=\"divider.default\">\n\t\t\t\t<div class=\"elementor-widget-container\">\n\t\t\t\t\t\t\t<div class=\"elementor-divider\">\n\t\t\t<span class=\"elementor-divider-separator\">\n\t\t\t\t\t\t<\/span>\n\t\t<\/div>\n\t\t\t\t\t\t<\/div>\n\t\t\t\t<\/div>\n\t\t\t\t<div class=\"elementor-element elementor-element-af22437 elementor-align-center elementor-widget elementor-widget-breadcrumbs\" data-id=\"af22437\" data-element_type=\"widget\" data-e-type=\"widget\" data-widget_type=\"breadcrumbs.default\">\n\t\t\t\t<div class=\"elementor-widget-container\">\n\t\t\t\t\t<p id=\"breadcrumbs\"><span><span><a href=\"https:\/\/fortea.sytes.net\/pun\/\">Inici<\/a><\/span><\/span><\/p>\t\t\t\t<\/div>\n\t\t\t\t<\/div>\n\t\t\t\t\t<\/div>\n\t\t<\/div>\n\t\t\t\t\t<\/div>\n\t\t<\/section>\n\t\t\t\t<section class=\"elementor-section elementor-top-section elementor-element elementor-element-9dcfaa3 elementor-section-boxed elementor-section-height-default elementor-section-height-default\" data-id=\"9dcfaa3\" data-element_type=\"section\" data-e-type=\"section\">\n\t\t\t\t\t\t<div class=\"elementor-container elementor-column-gap-default\">\n\t\t\t\t\t<div class=\"elementor-column elementor-col-33 elementor-top-column elementor-element elementor-element-727df0f\" data-id=\"727df0f\" data-element_type=\"column\" data-e-type=\"column\">\n\t\t\t<div class=\"elementor-widget-wrap elementor-element-populated\">\n\t\t\t\t\t\t<div class=\"elementor-element elementor-element-97d8998 elementor-widget elementor-widget-image\" data-id=\"97d8998\" data-element_type=\"widget\" data-e-type=\"widget\" data-widget_type=\"image.default\">\n\t\t\t\t<div class=\"elementor-widget-container\">\n\t\t\t\t\t\t\t\t\t\t\t\t\t\t\t<img fetchpriority=\"high\" decoding=\"async\" width=\"640\" height=\"368\" src=\"https:\/\/fortea.sytes.net\/pun\/wp-content\/uploads\/2020\/07\/depresion-medicina-china.jpg\" class=\"attachment-large size-large wp-image-331\" alt=\"Depressi\u00f3 medicina xinesa\" srcset=\"https:\/\/fortea.sytes.net\/pun\/wp-content\/uploads\/2020\/07\/depresion-medicina-china.jpg 640w, https:\/\/fortea.sytes.net\/pun\/wp-content\/uploads\/2020\/07\/depresion-medicina-china-300x173.jpg 300w\" sizes=\"(max-width: 640px) 100vw, 640px\" \/>\t\t\t\t\t\t\t\t\t\t\t\t\t\t\t<\/div>\n\t\t\t\t<\/div>\n\t\t\t\t<div class=\"elementor-element elementor-element-7ba428c elementor-widget elementor-widget-image\" data-id=\"7ba428c\" data-element_type=\"widget\" data-e-type=\"widget\" data-widget_type=\"image.default\">\n\t\t\t\t<div class=\"elementor-widget-container\">\n\t\t\t\t\t\t\t\t\t\t\t\t\t\t\t<img decoding=\"async\" width=\"510\" height=\"340\" src=\"https:\/\/fortea.sytes.net\/pun\/wp-content\/uploads\/2020\/07\/fustalletres.jpg\" class=\"attachment-large size-large wp-image-333\" alt=\"LLetres sobre fusta\" srcset=\"https:\/\/fortea.sytes.net\/pun\/wp-content\/uploads\/2020\/07\/fustalletres.jpg 510w, https:\/\/fortea.sytes.net\/pun\/wp-content\/uploads\/2020\/07\/fustalletres-300x200.jpg 300w\" sizes=\"(max-width: 510px) 100vw, 510px\" \/>\t\t\t\t\t\t\t\t\t\t\t\t\t\t\t<\/div>\n\t\t\t\t<\/div>\n\t\t\t\t<div class=\"elementor-element elementor-element-b79177a elementor-widget elementor-widget-image\" data-id=\"b79177a\" data-element_type=\"widget\" data-e-type=\"widget\" data-widget_type=\"image.default\">\n\t\t\t\t<div class=\"elementor-widget-container\">\n\t\t\t\t\t\t\t\t\t\t\t\t\t\t\t<img decoding=\"async\" width=\"800\" height=\"490\" src=\"https:\/\/fortea.sytes.net\/pun\/wp-content\/uploads\/2020\/07\/pedres-1.jpg\" class=\"attachment-large size-large wp-image-335\" alt=\"Imatge pedres\" srcset=\"https:\/\/fortea.sytes.net\/pun\/wp-content\/uploads\/2020\/07\/pedres-1.jpg 800w, https:\/\/fortea.sytes.net\/pun\/wp-content\/uploads\/2020\/07\/pedres-1-300x184.jpg 300w, https:\/\/fortea.sytes.net\/pun\/wp-content\/uploads\/2020\/07\/pedres-1-768x470.jpg 768w\" sizes=\"(max-width: 800px) 100vw, 800px\" \/>\t\t\t\t\t\t\t\t\t\t\t\t\t\t\t<\/div>\n\t\t\t\t<\/div>\n\t\t\t\t\t<\/div>\n\t\t<\/div>\n\t\t\t\t<div class=\"elementor-column elementor-col-33 elementor-top-column elementor-element elementor-element-ad6658f\" data-id=\"ad6658f\" data-element_type=\"column\" data-e-type=\"column\">\n\t\t\t<div class=\"elementor-widget-wrap elementor-element-populated\">\n\t\t\t\t\t\t<div class=\"elementor-element elementor-element-42777dc elementor-widget elementor-widget-text-editor\" data-id=\"42777dc\" data-element_type=\"widget\" data-e-type=\"widget\" data-widget_type=\"text-editor.default\">\n\t\t\t\t<div class=\"elementor-widget-container\">\n\t\t\t\t\t\t\t\t\t<div class=\"col-md-4 col-2\"><p>La MTX \u00e9s la medicina tradicional de Xina i la seva pr\u00e0ctica inclou primer una valoraci\u00f3 complerta segons unes bases que la sustenten, en la qual es basar\u00e0 el posterior tractament a trav\u00e9s de les seves t\u00e8cniques com l\u2019Acupuntura, la Fitoter\u00e0pia xinesa i d\u2019altres.<\/p><p>La MTX es va iniciar fa 2.500 anys, tot i que hi ha indicis de fa m\u00e9s de 5.000. \u00a0Els terapeutes de l\u2019\u00e8poca van haver de confiar en el poder de l\u2019observaci\u00f3 i de la pr\u00e0ctica, per crear una comprensi\u00f3 del cos hum\u00e0 i un sistema m\u00e8dic. Despr\u00e9s de segles de valoracions i avaluacions ha superat la prova del temps.<\/p><p>La MTX \u00e9s l\u2019\u00fanica medicina que t\u00e9 una exist\u00e8ncia continuada des dels seus inicis, i al estar reconeguda per l\u2019estat, li dona una doble avantatge que no comparteix amb cap altre sistema m\u00e8dic, li permet estar a prop dels conceptes filos\u00f2fics, energ\u00e8tics i emp\u00edrics que s\u00f3n la seva ess\u00e8ncia, juntament amb m\u00e8todes validats i cient\u00edfics de la medicina moderna.<\/p><p>La MTX \u00e9s un sistema complert, que cobreix tots els \u00e0mbits m\u00e8dics sense perdre de vista les bases hol\u00edstiques que la caracteritzen.<\/p><\/div>\t\t\t\t\t\t\t\t<\/div>\n\t\t\t\t<\/div>\n\t\t\t\t\t<\/div>\n\t\t<\/div>\n\t\t\t\t<div class=\"elementor-column elementor-col-33 elementor-top-column elementor-element elementor-element-ba49fd8\" data-id=\"ba49fd8\" data-element_type=\"column\" data-e-type=\"column\">\n\t\t\t<div class=\"elementor-widget-wrap elementor-element-populated\">\n\t\t\t\t\t\t<div class=\"elementor-element elementor-element-79db5f7 elementor-widget elementor-widget-text-editor\" data-id=\"79db5f7\" data-element_type=\"widget\" data-e-type=\"widget\" data-widget_type=\"text-editor.default\">\n\t\t\t\t<div class=\"elementor-widget-container\">\n\t\t\t\t\t\t\t\t\t<div class=\"col-md-4 col-2\"><div class=\"col-md-4 col-3\"><p>Trobem especialitzacions en ginecologia, neurologia, psiquiatria, andrologia, reumatologia, gastroenterolog\u00eda, pneumologia, hematologia, dermatologia, immunologia, oncologia, sistema musculesquel\u00e8tic&#8230;.<\/p><p>Per aplicar la MTX correctament, primer es realitza un diagn\u00f2stic o una valoraci\u00f3 segons les bases filos\u00f2fiques i les diverses teories establertes, com la teoria del Yin-Yang, la teoria del Cinc Elements, i la teoria dels \u00d2rgans i Entranyes (teoria dels Zang-Fu). Es valora l\u2019estat del Qi, la sang i dels fluids.\u00a0 Despr\u00e9s s\u2019aplicaran les diverses t\u00e8cniques que formen part del sistema en funci\u00f3 del criteri del terapeuta.<\/p><p>Les t\u00e8cniques de la MTX s\u00f3n:<\/p><ul><li>Acupuntura<\/li><li>Moxibusti\u00f3<\/li><li>Fitoter\u00e0pia Xinesa<\/li><li>Electroacupuntura<\/li><li>Ventoses<\/li><li>Diet\u00e8tica energ\u00e8tica<\/li><li>Massatge Tuina\u00a0<\/li><li>Auriculoter\u00e0pia<\/li><li>Qi Gong<\/li><\/ul><\/div><\/div>\t\t\t\t\t\t\t\t<\/div>\n\t\t\t\t<\/div>\n\t\t\t\t\t<\/div>\n\t\t<\/div>\n\t\t\t\t\t<\/div>\n\t\t<\/section>\n\t\t\t\t<\/div>\n\t\t","protected":false},"excerpt":{"rendered":"<p>Qu\u00e8 \u00e9s la MTX? La MTX \u00e9s la medicina tradicional de Xina i la seva pr\u00e0ctica inclou primer una valoraci\u00f3 complerta segons unes bases que la sustenten, en la qual es basar\u00e0 el posterior tractament a trav\u00e9s de les seves t\u00e8cniques com l\u2019Acupuntura, la Fitoter\u00e0pia xinesa i d\u2019altres. La MTX es va iniciar fa 2.500 [&hellip;]<\/p>\n","protected":false},"author":1,"featured_media":0,"parent":0,"menu_order":0,"comment_status":"closed","ping_status":"closed","template":"","meta":{"site-sidebar-layout":"no-sidebar","site-content-layout":"page-builder","ast-site-content-layout":"","site-content-style":"default","site-sidebar-style":"default","ast-global-header-display":"","ast-banner-title-visibility":"","ast-main-header-display":"","ast-hfb-above-header-display":"","ast-hfb-below-header-display":"","ast-hfb-mobile-header-display":"","site-post-title":"disabled","ast-breadcrumbs-content":"","ast-featured-img":"disabled","footer-sml-layout":"","theme-transparent-header-meta":"default","adv-header-id-meta":"","stick-header-meta":"default","header-above-stick-meta":"","header-main-stick-meta":"","header-below-stick-meta":"","astra-migrate-meta-layouts":"default","ast-page-background-enabled":"default","ast-page-background-meta":{"desktop":{"background-color":"","background-image":"","background-repeat":"repeat","background-position":"center center","background-size":"auto","background-attachment":"scroll","background-type":"","background-media":"","overlay-type":"","overlay-color":"","overlay-opacity":"","overlay-gradient":""},"tablet":{"background-color":"","background-image":"","background-repeat":"repeat","background-position":"center center","background-size":"auto","background-attachment":"scroll","background-type":"","background-media":"","overlay-type":"","overlay-color":"","overlay-opacity":"","overlay-gradient":""},"mobile":{"background-color":"","background-image":"","background-repeat":"repeat","background-position":"center center","background-size":"auto","background-attachment":"scroll","background-type":"","background-media":"","overlay-type":"","overlay-color":"","overlay-opacity":"","overlay-gradient":""}},"ast-content-background-meta":{"desktop":{"background-color":"var(--ast-global-color-5)","background-image":"","background-repeat":"repeat","background-position":"center center","background-size":"auto","background-attachment":"scroll","background-type":"","background-media":"","overlay-type":"","overlay-color":"","overlay-opacity":"","overlay-gradient":""},"tablet":{"background-color":"var(--ast-global-color-5)","background-image":"","background-repeat":"repeat","background-position":"center center","background-size":"auto","background-attachment":"scroll","background-type":"","background-media":"","overlay-type":"","overlay-color":"","overlay-opacity":"","overlay-gradient":""},"mobile":{"background-color":"var(--ast-global-color-5)","background-image":"","background-repeat":"repeat","background-position":"center center","background-size":"auto","background-attachment":"scroll","background-type":"","background-media":"","overlay-type":"","overlay-color":"","overlay-opacity":"","overlay-gradient":""}},"footnotes":""},"class_list":["post-189","page","type-page","status-publish","hentry"],"yoast_head":"<!-- This site is optimized with the Yoast SEO plugin v27.0 - https:\/\/yoast.com\/product\/yoast-seo-wordpress\/ -->\n<title>Qu\u00e8 \u00e9s la MTX? | Punt Salut<\/title>\n<meta name=\"robots\" content=\"index, follow, max-snippet:-1, max-image-preview:large, max-video-preview:-1\" \/>\n<link rel=\"canonical\" href=\"https:\/\/fortea.sytes.net\/pun\/que-es-la-mtx\/\" \/>\n<meta property=\"og:locale\" content=\"ca_ES\" \/>\n<meta property=\"og:type\" content=\"article\" \/>\n<meta property=\"og:title\" content=\"Qu\u00e8 \u00e9s la MTX? | Punt Salut\" \/>\n<meta property=\"og:description\" content=\"Qu\u00e8 \u00e9s la MTX? La MTX \u00e9s la medicina tradicional de Xina i la seva pr\u00e0ctica inclou primer una valoraci\u00f3 complerta segons unes bases que la sustenten, en la qual es basar\u00e0 el posterior tractament a trav\u00e9s de les seves t\u00e8cniques com l\u2019Acupuntura, la Fitoter\u00e0pia xinesa i d\u2019altres. La MTX es va iniciar fa 2.500 [&hellip;]\" \/>\n<meta property=\"og:url\" content=\"https:\/\/fortea.sytes.net\/pun\/que-es-la-mtx\/\" \/>\n<meta property=\"og:site_name\" content=\"Punt Salut\" \/>\n<meta property=\"article:modified_time\" content=\"2022-09-28T08:11:22+00:00\" \/>\n<meta property=\"og:image\" content=\"https:\/\/fortea.sytes.net\/pun\/wp-content\/uploads\/2020\/07\/depresion-medicina-china.jpg\" \/>\n<meta name=\"twitter:card\" content=\"summary_large_image\" \/>\n<meta name=\"twitter:label1\" content=\"Temps estimat de lectura\" \/>\n\t<meta name=\"twitter:data1\" content=\"3 minuts\" \/>\n<script type=\"application\/ld+json\" class=\"yoast-schema-graph\">{\"@context\":\"https:\/\/schema.org\",\"@graph\":[{\"@type\":\"WebPage\",\"@id\":\"https:\/\/fortea.sytes.net\/pun\/que-es-la-mtx\/\",\"url\":\"https:\/\/fortea.sytes.net\/pun\/que-es-la-mtx\/\",\"name\":\"Qu\u00e8 \u00e9s la MTX? | Punt Salut\",\"isPartOf\":{\"@id\":\"https:\/\/fortea.sytes.net\/pun\/#website\"},\"primaryImageOfPage\":{\"@id\":\"https:\/\/fortea.sytes.net\/pun\/que-es-la-mtx\/#primaryimage\"},\"image\":{\"@id\":\"https:\/\/fortea.sytes.net\/pun\/que-es-la-mtx\/#primaryimage\"},\"thumbnailUrl\":\"https:\/\/fortea.sytes.net\/pun\/wp-content\/uploads\/2020\/07\/depresion-medicina-china.jpg\",\"datePublished\":\"2020-07-05T08:30:19+00:00\",\"dateModified\":\"2022-09-28T08:11:22+00:00\",\"breadcrumb\":{\"@id\":\"https:\/\/fortea.sytes.net\/pun\/que-es-la-mtx\/#breadcrumb\"},\"inLanguage\":\"ca\",\"potentialAction\":[{\"@type\":\"ReadAction\",\"target\":[\"https:\/\/fortea.sytes.net\/pun\/que-es-la-mtx\/\"]}]},{\"@type\":\"ImageObject\",\"inLanguage\":\"ca\",\"@id\":\"https:\/\/fortea.sytes.net\/pun\/que-es-la-mtx\/#primaryimage\",\"url\":\"https:\/\/fortea.sytes.net\/pun\/wp-content\/uploads\/2020\/07\/depresion-medicina-china.jpg\",\"contentUrl\":\"https:\/\/fortea.sytes.net\/pun\/wp-content\/uploads\/2020\/07\/depresion-medicina-china.jpg\",\"width\":640,\"height\":368,\"caption\":\"Depressi\u00f3 medicina xinesa\"},{\"@type\":\"BreadcrumbList\",\"@id\":\"https:\/\/fortea.sytes.net\/pun\/que-es-la-mtx\/#breadcrumb\",\"itemListElement\":[{\"@type\":\"ListItem\",\"position\":1,\"name\":\"Inici\",\"item\":\"https:\/\/fortea.sytes.net\/pun\/\"},{\"@type\":\"ListItem\",\"position\":2,\"name\":\"Qu\u00e8 \u00e9s la MTX?\"}]},{\"@type\":\"WebSite\",\"@id\":\"https:\/\/fortea.sytes.net\/pun\/#website\",\"url\":\"https:\/\/fortea.sytes.net\/pun\/\",\"name\":\"Punt Salut\",\"description\":\"Centre de ter\u00e0pies naturals\",\"publisher\":{\"@id\":\"https:\/\/fortea.sytes.net\/pun\/#organization\"},\"potentialAction\":[{\"@type\":\"SearchAction\",\"target\":{\"@type\":\"EntryPoint\",\"urlTemplate\":\"https:\/\/fortea.sytes.net\/pun\/?s={search_term_string}\"},\"query-input\":{\"@type\":\"PropertyValueSpecification\",\"valueRequired\":true,\"valueName\":\"search_term_string\"}}],\"inLanguage\":\"ca\"},{\"@type\":\"Organization\",\"@id\":\"https:\/\/fortea.sytes.net\/pun\/#organization\",\"name\":\"Puntsalut\",\"url\":\"https:\/\/fortea.sytes.net\/pun\/\",\"logo\":{\"@type\":\"ImageObject\",\"inLanguage\":\"ca\",\"@id\":\"https:\/\/fortea.sytes.net\/pun\/#\/schema\/logo\/image\/\",\"url\":\"https:\/\/fortea.sytes.net\/pun\/wp-content\/uploads\/2020\/07\/cropped-logo-220-rosa-220x74-1.jpg\",\"contentUrl\":\"https:\/\/fortea.sytes.net\/pun\/wp-content\/uploads\/2020\/07\/cropped-logo-220-rosa-220x74-1.jpg\",\"width\":220,\"height\":74,\"caption\":\"Puntsalut\"},\"image\":{\"@id\":\"https:\/\/fortea.sytes.net\/pun\/#\/schema\/logo\/image\/\"}}]}<\/script>\n<!-- \/ Yoast SEO plugin. -->","yoast_head_json":{"title":"Qu\u00e8 \u00e9s la MTX? | Punt Salut","robots":{"index":"index","follow":"follow","max-snippet":"max-snippet:-1","max-image-preview":"max-image-preview:large","max-video-preview":"max-video-preview:-1"},"canonical":"https:\/\/fortea.sytes.net\/pun\/que-es-la-mtx\/","og_locale":"ca_ES","og_type":"article","og_title":"Qu\u00e8 \u00e9s la MTX? | Punt Salut","og_description":"Qu\u00e8 \u00e9s la MTX? La MTX \u00e9s la medicina tradicional de Xina i la seva pr\u00e0ctica inclou primer una valoraci\u00f3 complerta segons unes bases que la sustenten, en la qual es basar\u00e0 el posterior tractament a trav\u00e9s de les seves t\u00e8cniques com l\u2019Acupuntura, la Fitoter\u00e0pia xinesa i d\u2019altres. La MTX es va iniciar fa 2.500 [&hellip;]","og_url":"https:\/\/fortea.sytes.net\/pun\/que-es-la-mtx\/","og_site_name":"Punt Salut","article_modified_time":"2022-09-28T08:11:22+00:00","og_image":[{"url":"https:\/\/fortea.sytes.net\/pun\/wp-content\/uploads\/2020\/07\/depresion-medicina-china.jpg","type":"","width":"","height":""}],"twitter_card":"summary_large_image","twitter_misc":{"Temps estimat de lectura":"3 minuts"},"schema":{"@context":"https:\/\/schema.org","@graph":[{"@type":"WebPage","@id":"https:\/\/fortea.sytes.net\/pun\/que-es-la-mtx\/","url":"https:\/\/fortea.sytes.net\/pun\/que-es-la-mtx\/","name":"Qu\u00e8 \u00e9s la MTX? | Punt Salut","isPartOf":{"@id":"https:\/\/fortea.sytes.net\/pun\/#website"},"primaryImageOfPage":{"@id":"https:\/\/fortea.sytes.net\/pun\/que-es-la-mtx\/#primaryimage"},"image":{"@id":"https:\/\/fortea.sytes.net\/pun\/que-es-la-mtx\/#primaryimage"},"thumbnailUrl":"https:\/\/fortea.sytes.net\/pun\/wp-content\/uploads\/2020\/07\/depresion-medicina-china.jpg","datePublished":"2020-07-05T08:30:19+00:00","dateModified":"2022-09-28T08:11:22+00:00","breadcrumb":{"@id":"https:\/\/fortea.sytes.net\/pun\/que-es-la-mtx\/#breadcrumb"},"inLanguage":"ca","potentialAction":[{"@type":"ReadAction","target":["https:\/\/fortea.sytes.net\/pun\/que-es-la-mtx\/"]}]},{"@type":"ImageObject","inLanguage":"ca","@id":"https:\/\/fortea.sytes.net\/pun\/que-es-la-mtx\/#primaryimage","url":"https:\/\/fortea.sytes.net\/pun\/wp-content\/uploads\/2020\/07\/depresion-medicina-china.jpg","contentUrl":"https:\/\/fortea.sytes.net\/pun\/wp-content\/uploads\/2020\/07\/depresion-medicina-china.jpg","width":640,"height":368,"caption":"Depressi\u00f3 medicina xinesa"},{"@type":"BreadcrumbList","@id":"https:\/\/fortea.sytes.net\/pun\/que-es-la-mtx\/#breadcrumb","itemListElement":[{"@type":"ListItem","position":1,"name":"Inici","item":"https:\/\/fortea.sytes.net\/pun\/"},{"@type":"ListItem","position":2,"name":"Qu\u00e8 \u00e9s la MTX?"}]},{"@type":"WebSite","@id":"https:\/\/fortea.sytes.net\/pun\/#website","url":"https:\/\/fortea.sytes.net\/pun\/","name":"Punt Salut","description":"Centre de ter\u00e0pies naturals","publisher":{"@id":"https:\/\/fortea.sytes.net\/pun\/#organization"},"potentialAction":[{"@type":"SearchAction","target":{"@type":"EntryPoint","urlTemplate":"https:\/\/fortea.sytes.net\/pun\/?s={search_term_string}"},"query-input":{"@type":"PropertyValueSpecification","valueRequired":true,"valueName":"search_term_string"}}],"inLanguage":"ca"},{"@type":"Organization","@id":"https:\/\/fortea.sytes.net\/pun\/#organization","name":"Puntsalut","url":"https:\/\/fortea.sytes.net\/pun\/","logo":{"@type":"ImageObject","inLanguage":"ca","@id":"https:\/\/fortea.sytes.net\/pun\/#\/schema\/logo\/image\/","url":"https:\/\/fortea.sytes.net\/pun\/wp-content\/uploads\/2020\/07\/cropped-logo-220-rosa-220x74-1.jpg","contentUrl":"https:\/\/fortea.sytes.net\/pun\/wp-content\/uploads\/2020\/07\/cropped-logo-220-rosa-220x74-1.jpg","width":220,"height":74,"caption":"Puntsalut"},"image":{"@id":"https:\/\/fortea.sytes.net\/pun\/#\/schema\/logo\/image\/"}}]}},"_links":{"self":[{"href":"https:\/\/fortea.sytes.net\/pun\/wp-json\/wp\/v2\/pages\/189","targetHints":{"allow":["GET"]}}],"collection":[{"href":"https:\/\/fortea.sytes.net\/pun\/wp-json\/wp\/v2\/pages"}],"about":[{"href":"https:\/\/fortea.sytes.net\/pun\/wp-json\/wp\/v2\/types\/page"}],"author":[{"embeddable":true,"href":"https:\/\/fortea.sytes.net\/pun\/wp-json\/wp\/v2\/users\/1"}],"replies":[{"embeddable":true,"href":"https:\/\/fortea.sytes.net\/pun\/wp-json\/wp\/v2\/comments?post=189"}],"version-history":[{"count":0,"href":"https:\/\/fortea.sytes.net\/pun\/wp-json\/wp\/v2\/pages\/189\/revisions"}],"wp:attachment":[{"href":"https:\/\/fortea.sytes.net\/pun\/wp-json\/wp\/v2\/media?parent=189"}],"curies":[{"name":"wp","href":"https:\/\/api.w.org\/{rel}","templated":true}]}}