{"id":168,"date":"2020-07-05T10:18:57","date_gmt":"2020-07-05T08:18:57","guid":{"rendered":"https:\/\/fortea.sytes.net\/pun\/?page_id=168"},"modified":"2022-09-28T10:07:42","modified_gmt":"2022-09-28T08:07:42","slug":"fitoterapia-xinesa","status":"publish","type":"page","link":"https:\/\/fortea.sytes.net\/pun\/fitoterapia-xinesa\/","title":{"rendered":"Fitoter\u00e0pia Xinesa"},"content":{"rendered":"\t\t<div data-elementor-type=\"wp-page\" data-elementor-id=\"168\" class=\"elementor elementor-168\" data-elementor-post-type=\"page\">\n\t\t\t\t\t\t<section class=\"elementor-section elementor-top-section elementor-element elementor-element-4a85c5d elementor-section-boxed elementor-section-height-default elementor-section-height-default\" data-id=\"4a85c5d\" data-element_type=\"section\" data-e-type=\"section\">\n\t\t\t\t\t\t<div class=\"elementor-container elementor-column-gap-default\">\n\t\t\t\t\t<div class=\"elementor-column elementor-col-100 elementor-top-column elementor-element elementor-element-3f43934\" data-id=\"3f43934\" data-element_type=\"column\" data-e-type=\"column\">\n\t\t\t<div class=\"elementor-widget-wrap elementor-element-populated\">\n\t\t\t\t\t\t<div class=\"elementor-element elementor-element-05f839a elementor-widget elementor-widget-heading\" data-id=\"05f839a\" data-element_type=\"widget\" data-e-type=\"widget\" data-widget_type=\"heading.default\">\n\t\t\t\t<div class=\"elementor-widget-container\">\n\t\t\t\t\t<h2 class=\"elementor-heading-title elementor-size-default\">Fitoter\u00e0pia Xinesa<\/h2>\t\t\t\t<\/div>\n\t\t\t\t<\/div>\n\t\t\t\t\t<\/div>\n\t\t<\/div>\n\t\t\t\t\t<\/div>\n\t\t<\/section>\n\t\t\t\t<section class=\"elementor-section elementor-top-section elementor-element elementor-element-43d69db elementor-section-boxed elementor-section-height-default elementor-section-height-default\" data-id=\"43d69db\" data-element_type=\"section\" data-e-type=\"section\">\n\t\t\t\t\t\t<div class=\"elementor-container elementor-column-gap-default\">\n\t\t\t\t\t<div class=\"elementor-column elementor-col-100 elementor-top-column elementor-element elementor-element-9de8175\" data-id=\"9de8175\" data-element_type=\"column\" data-e-type=\"column\">\n\t\t\t<div class=\"elementor-widget-wrap elementor-element-populated\">\n\t\t\t\t\t\t<div class=\"elementor-element elementor-element-378b264 elementor-widget-divider--view-line elementor-widget elementor-widget-divider\" data-id=\"378b264\" data-element_type=\"widget\" data-e-type=\"widget\" data-widget_type=\"divider.default\">\n\t\t\t\t<div class=\"elementor-widget-container\">\n\t\t\t\t\t\t\t<div class=\"elementor-divider\">\n\t\t\t<span class=\"elementor-divider-separator\">\n\t\t\t\t\t\t<\/span>\n\t\t<\/div>\n\t\t\t\t\t\t<\/div>\n\t\t\t\t<\/div>\n\t\t\t\t<div class=\"elementor-element elementor-element-3b5c64e elementor-align-center elementor-widget elementor-widget-breadcrumbs\" data-id=\"3b5c64e\" data-element_type=\"widget\" data-e-type=\"widget\" data-widget_type=\"breadcrumbs.default\">\n\t\t\t\t<div class=\"elementor-widget-container\">\n\t\t\t\t\t<p id=\"breadcrumbs\"><span><span><a href=\"https:\/\/fortea.sytes.net\/pun\/\">Inici<\/a><\/span><\/span><\/p>\t\t\t\t<\/div>\n\t\t\t\t<\/div>\n\t\t\t\t\t<\/div>\n\t\t<\/div>\n\t\t\t\t\t<\/div>\n\t\t<\/section>\n\t\t\t\t<section class=\"elementor-section elementor-top-section elementor-element elementor-element-f436157 elementor-section-boxed elementor-section-height-default elementor-section-height-default\" data-id=\"f436157\" data-element_type=\"section\" data-e-type=\"section\">\n\t\t\t\t\t\t<div class=\"elementor-container elementor-column-gap-default\">\n\t\t\t\t\t<div class=\"elementor-column elementor-col-100 elementor-top-column elementor-element elementor-element-f1cbd63\" data-id=\"f1cbd63\" data-element_type=\"column\" data-e-type=\"column\">\n\t\t\t<div class=\"elementor-widget-wrap elementor-element-populated\">\n\t\t\t\t\t\t<div class=\"elementor-element elementor-element-41ac350 elementor-widget elementor-widget-image\" data-id=\"41ac350\" data-element_type=\"widget\" data-e-type=\"widget\" data-widget_type=\"image.default\">\n\t\t\t\t<div class=\"elementor-widget-container\">\n\t\t\t\t\t\t\t\t\t\t\t\t\t\t\t<img fetchpriority=\"high\" decoding=\"async\" width=\"768\" height=\"196\" src=\"https:\/\/fortea.sytes.net\/pun\/wp-content\/uploads\/2020\/07\/fito-tallada-768x196.jpg\" class=\"attachment-medium_large size-medium_large wp-image-412\" alt=\"Herbes de Medicina Xinesa en caixa\" srcset=\"https:\/\/fortea.sytes.net\/pun\/wp-content\/uploads\/2020\/07\/fito-tallada-768x196.jpg 768w, https:\/\/fortea.sytes.net\/pun\/wp-content\/uploads\/2020\/07\/fito-tallada-300x76.jpg 300w, https:\/\/fortea.sytes.net\/pun\/wp-content\/uploads\/2020\/07\/fito-tallada-1024x261.jpg 1024w, https:\/\/fortea.sytes.net\/pun\/wp-content\/uploads\/2020\/07\/fito-tallada-1536x391.jpg 1536w, https:\/\/fortea.sytes.net\/pun\/wp-content\/uploads\/2020\/07\/fito-tallada.jpg 1688w\" sizes=\"(max-width: 768px) 100vw, 768px\" \/>\t\t\t\t\t\t\t\t\t\t\t\t\t\t\t<\/div>\n\t\t\t\t<\/div>\n\t\t\t\t\t<\/div>\n\t\t<\/div>\n\t\t\t\t\t<\/div>\n\t\t<\/section>\n\t\t\t\t<section class=\"elementor-section elementor-top-section elementor-element elementor-element-b3e0fec elementor-section-boxed elementor-section-height-default elementor-section-height-default\" data-id=\"b3e0fec\" data-element_type=\"section\" data-e-type=\"section\">\n\t\t\t\t\t\t<div class=\"elementor-container elementor-column-gap-default\">\n\t\t\t\t\t<div class=\"elementor-column elementor-col-50 elementor-top-column elementor-element elementor-element-02ee8bc\" data-id=\"02ee8bc\" data-element_type=\"column\" data-e-type=\"column\">\n\t\t\t<div class=\"elementor-widget-wrap elementor-element-populated\">\n\t\t\t\t\t\t<div class=\"elementor-element elementor-element-b485927 elementor-widget elementor-widget-text-editor\" data-id=\"b485927\" data-element_type=\"widget\" data-e-type=\"widget\" data-widget_type=\"text-editor.default\">\n\t\t\t\t<div class=\"elementor-widget-container\">\n\t\t\t\t\t\t\t\t\t<p>La <em>Fitoter\u00e0pia Xinesa<\/em> \u00e9s la ter\u00e0pia a trav\u00e9s de les plantes (85%) de la Medicina Tradicional Xinesa (MTX), tot i que tamb\u00e9 inclou substancies animals (13%) i minerals (2%).\u00a0 Tamb\u00e9 ho podem trobar sota el nom de <em>Suplementaci\u00f3 Energ\u00e8tica<\/em>, ja que la nomenclatura de fitoter\u00e0pia literalment nom\u00e9s fa refer\u00e8ncia a les substancies del m\u00f3n vegetal.\u00a0 A occident la utilitzaci\u00f3 dels animals no est\u00e0 permesa, se substitueix per substancies vegetals amb la finalitat d\u2019obtenir un resultat similar i satisfactori.<\/p><p>El pare de la farmacopea Xinesa \u00e9s Shen Nong, va viure 2.500 anys a.c i moltes de les plantes que va descobrir, encara s\u2019utilitzen en l\u2019actualitat.<\/p><p>Tot i que l\u2019acupuntura i els massatges s\u00f3n considerats a occident com ter\u00e0pies m\u00e9s destacades, a Xina la fitoter\u00e0pia es prescriu en gaireb\u00e9 tots els casos, i es considera l\u2019eina m\u00e9s important en els tractaments.\u00a0 Actua de manera interna i sobretot en trastorns cr\u00f2nics, on el desequilibri ja est\u00e0 gaireb\u00e9 consolidat. Depenent de quin trastorn, no administrar fitoter\u00e0pia xinesa pot comportar no arribar a l\u2019arrel del problema i la milloria pot trigar m\u00e9s a arribar.<\/p>\t\t\t\t\t\t\t\t<\/div>\n\t\t\t\t<\/div>\n\t\t\t\t\t<\/div>\n\t\t<\/div>\n\t\t\t\t<div class=\"elementor-column elementor-col-50 elementor-top-column elementor-element elementor-element-b3d8dd4\" data-id=\"b3d8dd4\" data-element_type=\"column\" data-e-type=\"column\">\n\t\t\t<div class=\"elementor-widget-wrap elementor-element-populated\">\n\t\t\t\t\t\t<div class=\"elementor-element elementor-element-c392b4a elementor-widget elementor-widget-text-editor\" data-id=\"c392b4a\" data-element_type=\"widget\" data-e-type=\"widget\" data-widget_type=\"text-editor.default\">\n\t\t\t\t<div class=\"elementor-widget-container\">\n\t\t\t\t\t\t\t\t\t<div class=\"col-md-6 col-2\"><p>Tradicionalment la Fitoter\u00e0pia Xinesa es prenia en forma de infusions (tang), actualment aquest sistema encara est\u00e0 vigent per\u00f2 han sorgit altres maneres d\u2019administraci\u00f3 per facilitat la comoditat de l\u2019usuari, com les pastilles (wan), c\u00e0psules o en pols (san).<\/p><p>Per poder seleccionar la f\u00f3rmula adequada en cada pacient, pr\u00e8viament s\u2019ha de realitzar una valoraci\u00f3 segons les bases i els fonaments de la Medicina Tradicional Xinesa, la teor\u00eda del Yin-Yang i la teor\u00eda dels cinc elements, aix\u00ed ens permet\u00a0 localitzar el desequilibri energ\u00e8tic global existent.<\/p><p>Cada una de les f\u00f3rmules t\u00e9 una naturalesa (freda, fresca, t\u00e8bia i calenta), un gust (picant, amarg, \u00e0cid, salat o dol\u00e7) i un tropisme o direcci\u00f3 cap a una zona del cos (meridi\u00e0 o \u00f2rgan), per poder aix\u00ed escollir la m\u00e9s adequada en cada cas<\/p><p>En la majoria del casos, la Fitoter\u00e0pia Xinesa s\u2019administra per via oral per poder resoldre trastorns interns, per\u00f2 tamb\u00e9 es pot aplicar de manera t\u00f2pica a trav\u00e9s de cataplasmes, liniments, pegats o esprais, en casos de trastorns externs produ\u00efts per lesions musculars, tendinoses o \u00f2ssies, i tamb\u00e9 en el camp de la dermatologia.<\/p><\/div>\t\t\t\t\t\t\t\t<\/div>\n\t\t\t\t<\/div>\n\t\t\t\t\t<\/div>\n\t\t<\/div>\n\t\t\t\t\t<\/div>\n\t\t<\/section>\n\t\t\t\t<\/div>\n\t\t","protected":false},"excerpt":{"rendered":"<p>Fitoter\u00e0pia Xinesa La Fitoter\u00e0pia Xinesa \u00e9s la ter\u00e0pia a trav\u00e9s de les plantes (85%) de la Medicina Tradicional Xinesa (MTX), tot i que tamb\u00e9 inclou substancies animals (13%) i minerals (2%).\u00a0 Tamb\u00e9 ho podem trobar sota el nom de Suplementaci\u00f3 Energ\u00e8tica, ja que la nomenclatura de fitoter\u00e0pia literalment nom\u00e9s fa refer\u00e8ncia a les substancies del [&hellip;]<\/p>\n","protected":false},"author":1,"featured_media":0,"parent":0,"menu_order":0,"comment_status":"closed","ping_status":"closed","template":"","meta":{"site-sidebar-layout":"no-sidebar","site-content-layout":"page-builder","ast-site-content-layout":"","site-content-style":"default","site-sidebar-style":"default","ast-global-header-display":"","ast-banner-title-visibility":"","ast-main-header-display":"","ast-hfb-above-header-display":"","ast-hfb-below-header-display":"","ast-hfb-mobile-header-display":"","site-post-title":"disabled","ast-breadcrumbs-content":"","ast-featured-img":"disabled","footer-sml-layout":"","theme-transparent-header-meta":"default","adv-header-id-meta":"","stick-header-meta":"default","header-above-stick-meta":"","header-main-stick-meta":"","header-below-stick-meta":"","astra-migrate-meta-layouts":"default","ast-page-background-enabled":"default","ast-page-background-meta":{"desktop":{"background-color":"","background-image":"","background-repeat":"repeat","background-position":"center center","background-size":"auto","background-attachment":"scroll","background-type":"","background-media":"","overlay-type":"","overlay-color":"","overlay-opacity":"","overlay-gradient":""},"tablet":{"background-color":"","background-image":"","background-repeat":"repeat","background-position":"center center","background-size":"auto","background-attachment":"scroll","background-type":"","background-media":"","overlay-type":"","overlay-color":"","overlay-opacity":"","overlay-gradient":""},"mobile":{"background-color":"","background-image":"","background-repeat":"repeat","background-position":"center center","background-size":"auto","background-attachment":"scroll","background-type":"","background-media":"","overlay-type":"","overlay-color":"","overlay-opacity":"","overlay-gradient":""}},"ast-content-background-meta":{"desktop":{"background-color":"var(--ast-global-color-5)","background-image":"","background-repeat":"repeat","background-position":"center center","background-size":"auto","background-attachment":"scroll","background-type":"","background-media":"","overlay-type":"","overlay-color":"","overlay-opacity":"","overlay-gradient":""},"tablet":{"background-color":"var(--ast-global-color-5)","background-image":"","background-repeat":"repeat","background-position":"center center","background-size":"auto","background-attachment":"scroll","background-type":"","background-media":"","overlay-type":"","overlay-color":"","overlay-opacity":"","overlay-gradient":""},"mobile":{"background-color":"var(--ast-global-color-5)","background-image":"","background-repeat":"repeat","background-position":"center center","background-size":"auto","background-attachment":"scroll","background-type":"","background-media":"","overlay-type":"","overlay-color":"","overlay-opacity":"","overlay-gradient":""}},"footnotes":""},"class_list":["post-168","page","type-page","status-publish","hentry"],"yoast_head":"<!-- This site is optimized with the Yoast SEO plugin v27.0 - https:\/\/yoast.com\/product\/yoast-seo-wordpress\/ -->\n<title>Fitoter\u00e0pia Xinesa | Punt Salut<\/title>\n<meta name=\"robots\" content=\"index, follow, max-snippet:-1, max-image-preview:large, max-video-preview:-1\" \/>\n<link rel=\"canonical\" href=\"https:\/\/fortea.sytes.net\/pun\/fitoterapia-xinesa\/\" \/>\n<meta property=\"og:locale\" content=\"ca_ES\" \/>\n<meta property=\"og:type\" content=\"article\" \/>\n<meta property=\"og:title\" content=\"Fitoter\u00e0pia Xinesa | Punt Salut\" \/>\n<meta property=\"og:description\" content=\"Fitoter\u00e0pia Xinesa La Fitoter\u00e0pia Xinesa \u00e9s la ter\u00e0pia a trav\u00e9s de les plantes (85%) de la Medicina Tradicional Xinesa (MTX), tot i que tamb\u00e9 inclou substancies animals (13%) i minerals (2%).\u00a0 Tamb\u00e9 ho podem trobar sota el nom de Suplementaci\u00f3 Energ\u00e8tica, ja que la nomenclatura de fitoter\u00e0pia literalment nom\u00e9s fa refer\u00e8ncia a les substancies del [&hellip;]\" \/>\n<meta property=\"og:url\" content=\"https:\/\/fortea.sytes.net\/pun\/fitoterapia-xinesa\/\" \/>\n<meta property=\"og:site_name\" content=\"Punt Salut\" \/>\n<meta property=\"article:modified_time\" content=\"2022-09-28T08:07:42+00:00\" \/>\n<meta property=\"og:image\" content=\"https:\/\/fortea.sytes.net\/pun\/wp-content\/uploads\/2020\/07\/fito-tallada-768x196.jpg\" \/>\n<meta name=\"twitter:card\" content=\"summary_large_image\" \/>\n<meta name=\"twitter:label1\" content=\"Temps estimat de lectura\" \/>\n\t<meta name=\"twitter:data1\" content=\"3 minuts\" \/>\n<script type=\"application\/ld+json\" class=\"yoast-schema-graph\">{\"@context\":\"https:\/\/schema.org\",\"@graph\":[{\"@type\":\"WebPage\",\"@id\":\"https:\/\/fortea.sytes.net\/pun\/fitoterapia-xinesa\/\",\"url\":\"https:\/\/fortea.sytes.net\/pun\/fitoterapia-xinesa\/\",\"name\":\"Fitoter\u00e0pia Xinesa | Punt Salut\",\"isPartOf\":{\"@id\":\"https:\/\/fortea.sytes.net\/pun\/#website\"},\"primaryImageOfPage\":{\"@id\":\"https:\/\/fortea.sytes.net\/pun\/fitoterapia-xinesa\/#primaryimage\"},\"image\":{\"@id\":\"https:\/\/fortea.sytes.net\/pun\/fitoterapia-xinesa\/#primaryimage\"},\"thumbnailUrl\":\"https:\/\/fortea.sytes.net\/pun\/wp-content\/uploads\/2020\/07\/fito-tallada-768x196.jpg\",\"datePublished\":\"2020-07-05T08:18:57+00:00\",\"dateModified\":\"2022-09-28T08:07:42+00:00\",\"breadcrumb\":{\"@id\":\"https:\/\/fortea.sytes.net\/pun\/fitoterapia-xinesa\/#breadcrumb\"},\"inLanguage\":\"ca\",\"potentialAction\":[{\"@type\":\"ReadAction\",\"target\":[\"https:\/\/fortea.sytes.net\/pun\/fitoterapia-xinesa\/\"]}]},{\"@type\":\"ImageObject\",\"inLanguage\":\"ca\",\"@id\":\"https:\/\/fortea.sytes.net\/pun\/fitoterapia-xinesa\/#primaryimage\",\"url\":\"https:\/\/fortea.sytes.net\/pun\/wp-content\/uploads\/2020\/07\/fito-tallada.jpg\",\"contentUrl\":\"https:\/\/fortea.sytes.net\/pun\/wp-content\/uploads\/2020\/07\/fito-tallada.jpg\",\"width\":1688,\"height\":430,\"caption\":\"Herbes de Medicina Xinesa en caixa\"},{\"@type\":\"BreadcrumbList\",\"@id\":\"https:\/\/fortea.sytes.net\/pun\/fitoterapia-xinesa\/#breadcrumb\",\"itemListElement\":[{\"@type\":\"ListItem\",\"position\":1,\"name\":\"Inici\",\"item\":\"https:\/\/fortea.sytes.net\/pun\/\"},{\"@type\":\"ListItem\",\"position\":2,\"name\":\"Fitoter\u00e0pia Xinesa\"}]},{\"@type\":\"WebSite\",\"@id\":\"https:\/\/fortea.sytes.net\/pun\/#website\",\"url\":\"https:\/\/fortea.sytes.net\/pun\/\",\"name\":\"Punt Salut\",\"description\":\"Centre de ter\u00e0pies naturals\",\"publisher\":{\"@id\":\"https:\/\/fortea.sytes.net\/pun\/#organization\"},\"potentialAction\":[{\"@type\":\"SearchAction\",\"target\":{\"@type\":\"EntryPoint\",\"urlTemplate\":\"https:\/\/fortea.sytes.net\/pun\/?s={search_term_string}\"},\"query-input\":{\"@type\":\"PropertyValueSpecification\",\"valueRequired\":true,\"valueName\":\"search_term_string\"}}],\"inLanguage\":\"ca\"},{\"@type\":\"Organization\",\"@id\":\"https:\/\/fortea.sytes.net\/pun\/#organization\",\"name\":\"Puntsalut\",\"url\":\"https:\/\/fortea.sytes.net\/pun\/\",\"logo\":{\"@type\":\"ImageObject\",\"inLanguage\":\"ca\",\"@id\":\"https:\/\/fortea.sytes.net\/pun\/#\/schema\/logo\/image\/\",\"url\":\"https:\/\/fortea.sytes.net\/pun\/wp-content\/uploads\/2020\/07\/cropped-logo-220-rosa-220x74-1.jpg\",\"contentUrl\":\"https:\/\/fortea.sytes.net\/pun\/wp-content\/uploads\/2020\/07\/cropped-logo-220-rosa-220x74-1.jpg\",\"width\":220,\"height\":74,\"caption\":\"Puntsalut\"},\"image\":{\"@id\":\"https:\/\/fortea.sytes.net\/pun\/#\/schema\/logo\/image\/\"}}]}<\/script>\n<!-- \/ Yoast SEO plugin. -->","yoast_head_json":{"title":"Fitoter\u00e0pia Xinesa | Punt Salut","robots":{"index":"index","follow":"follow","max-snippet":"max-snippet:-1","max-image-preview":"max-image-preview:large","max-video-preview":"max-video-preview:-1"},"canonical":"https:\/\/fortea.sytes.net\/pun\/fitoterapia-xinesa\/","og_locale":"ca_ES","og_type":"article","og_title":"Fitoter\u00e0pia Xinesa | Punt Salut","og_description":"Fitoter\u00e0pia Xinesa La Fitoter\u00e0pia Xinesa \u00e9s la ter\u00e0pia a trav\u00e9s de les plantes (85%) de la Medicina Tradicional Xinesa (MTX), tot i que tamb\u00e9 inclou substancies animals (13%) i minerals (2%).\u00a0 Tamb\u00e9 ho podem trobar sota el nom de Suplementaci\u00f3 Energ\u00e8tica, ja que la nomenclatura de fitoter\u00e0pia literalment nom\u00e9s fa refer\u00e8ncia a les substancies del [&hellip;]","og_url":"https:\/\/fortea.sytes.net\/pun\/fitoterapia-xinesa\/","og_site_name":"Punt Salut","article_modified_time":"2022-09-28T08:07:42+00:00","og_image":[{"url":"https:\/\/fortea.sytes.net\/pun\/wp-content\/uploads\/2020\/07\/fito-tallada-768x196.jpg","type":"","width":"","height":""}],"twitter_card":"summary_large_image","twitter_misc":{"Temps estimat de lectura":"3 minuts"},"schema":{"@context":"https:\/\/schema.org","@graph":[{"@type":"WebPage","@id":"https:\/\/fortea.sytes.net\/pun\/fitoterapia-xinesa\/","url":"https:\/\/fortea.sytes.net\/pun\/fitoterapia-xinesa\/","name":"Fitoter\u00e0pia Xinesa | Punt Salut","isPartOf":{"@id":"https:\/\/fortea.sytes.net\/pun\/#website"},"primaryImageOfPage":{"@id":"https:\/\/fortea.sytes.net\/pun\/fitoterapia-xinesa\/#primaryimage"},"image":{"@id":"https:\/\/fortea.sytes.net\/pun\/fitoterapia-xinesa\/#primaryimage"},"thumbnailUrl":"https:\/\/fortea.sytes.net\/pun\/wp-content\/uploads\/2020\/07\/fito-tallada-768x196.jpg","datePublished":"2020-07-05T08:18:57+00:00","dateModified":"2022-09-28T08:07:42+00:00","breadcrumb":{"@id":"https:\/\/fortea.sytes.net\/pun\/fitoterapia-xinesa\/#breadcrumb"},"inLanguage":"ca","potentialAction":[{"@type":"ReadAction","target":["https:\/\/fortea.sytes.net\/pun\/fitoterapia-xinesa\/"]}]},{"@type":"ImageObject","inLanguage":"ca","@id":"https:\/\/fortea.sytes.net\/pun\/fitoterapia-xinesa\/#primaryimage","url":"https:\/\/fortea.sytes.net\/pun\/wp-content\/uploads\/2020\/07\/fito-tallada.jpg","contentUrl":"https:\/\/fortea.sytes.net\/pun\/wp-content\/uploads\/2020\/07\/fito-tallada.jpg","width":1688,"height":430,"caption":"Herbes de Medicina Xinesa en caixa"},{"@type":"BreadcrumbList","@id":"https:\/\/fortea.sytes.net\/pun\/fitoterapia-xinesa\/#breadcrumb","itemListElement":[{"@type":"ListItem","position":1,"name":"Inici","item":"https:\/\/fortea.sytes.net\/pun\/"},{"@type":"ListItem","position":2,"name":"Fitoter\u00e0pia Xinesa"}]},{"@type":"WebSite","@id":"https:\/\/fortea.sytes.net\/pun\/#website","url":"https:\/\/fortea.sytes.net\/pun\/","name":"Punt Salut","description":"Centre de ter\u00e0pies naturals","publisher":{"@id":"https:\/\/fortea.sytes.net\/pun\/#organization"},"potentialAction":[{"@type":"SearchAction","target":{"@type":"EntryPoint","urlTemplate":"https:\/\/fortea.sytes.net\/pun\/?s={search_term_string}"},"query-input":{"@type":"PropertyValueSpecification","valueRequired":true,"valueName":"search_term_string"}}],"inLanguage":"ca"},{"@type":"Organization","@id":"https:\/\/fortea.sytes.net\/pun\/#organization","name":"Puntsalut","url":"https:\/\/fortea.sytes.net\/pun\/","logo":{"@type":"ImageObject","inLanguage":"ca","@id":"https:\/\/fortea.sytes.net\/pun\/#\/schema\/logo\/image\/","url":"https:\/\/fortea.sytes.net\/pun\/wp-content\/uploads\/2020\/07\/cropped-logo-220-rosa-220x74-1.jpg","contentUrl":"https:\/\/fortea.sytes.net\/pun\/wp-content\/uploads\/2020\/07\/cropped-logo-220-rosa-220x74-1.jpg","width":220,"height":74,"caption":"Puntsalut"},"image":{"@id":"https:\/\/fortea.sytes.net\/pun\/#\/schema\/logo\/image\/"}}]}},"_links":{"self":[{"href":"https:\/\/fortea.sytes.net\/pun\/wp-json\/wp\/v2\/pages\/168","targetHints":{"allow":["GET"]}}],"collection":[{"href":"https:\/\/fortea.sytes.net\/pun\/wp-json\/wp\/v2\/pages"}],"about":[{"href":"https:\/\/fortea.sytes.net\/pun\/wp-json\/wp\/v2\/types\/page"}],"author":[{"embeddable":true,"href":"https:\/\/fortea.sytes.net\/pun\/wp-json\/wp\/v2\/users\/1"}],"replies":[{"embeddable":true,"href":"https:\/\/fortea.sytes.net\/pun\/wp-json\/wp\/v2\/comments?post=168"}],"version-history":[{"count":0,"href":"https:\/\/fortea.sytes.net\/pun\/wp-json\/wp\/v2\/pages\/168\/revisions"}],"wp:attachment":[{"href":"https:\/\/fortea.sytes.net\/pun\/wp-json\/wp\/v2\/media?parent=168"}],"curies":[{"name":"wp","href":"https:\/\/api.w.org\/{rel}","templated":true}]}}