{"id":162,"date":"2020-07-05T10:17:31","date_gmt":"2020-07-05T08:17:31","guid":{"rendered":"https:\/\/fortea.sytes.net\/pun\/?page_id=162"},"modified":"2022-09-28T10:05:36","modified_gmt":"2022-09-28T08:05:36","slug":"moxibustio-2","status":"publish","type":"page","link":"https:\/\/fortea.sytes.net\/pun\/moxibustio-2\/","title":{"rendered":"Moxibusti\u00f3"},"content":{"rendered":"\t\t<div data-elementor-type=\"wp-page\" data-elementor-id=\"162\" class=\"elementor elementor-162\" data-elementor-post-type=\"page\">\n\t\t\t\t\t\t<section class=\"elementor-section elementor-top-section elementor-element elementor-element-b037ce3 elementor-section-boxed elementor-section-height-default elementor-section-height-default\" data-id=\"b037ce3\" data-element_type=\"section\" data-e-type=\"section\">\n\t\t\t\t\t\t<div class=\"elementor-container elementor-column-gap-default\">\n\t\t\t\t\t<div class=\"elementor-column elementor-col-100 elementor-top-column elementor-element elementor-element-0063475\" data-id=\"0063475\" data-element_type=\"column\" data-e-type=\"column\">\n\t\t\t<div class=\"elementor-widget-wrap elementor-element-populated\">\n\t\t\t\t\t\t<div class=\"elementor-element elementor-element-35ff1ec elementor-widget elementor-widget-heading\" data-id=\"35ff1ec\" data-element_type=\"widget\" data-e-type=\"widget\" data-widget_type=\"heading.default\">\n\t\t\t\t<div class=\"elementor-widget-container\">\n\t\t\t\t\t<h2 class=\"elementor-heading-title elementor-size-default\">Moxibusti\u00f3<\/h2>\t\t\t\t<\/div>\n\t\t\t\t<\/div>\n\t\t\t\t\t<\/div>\n\t\t<\/div>\n\t\t\t\t\t<\/div>\n\t\t<\/section>\n\t\t\t\t<section class=\"elementor-section elementor-top-section elementor-element elementor-element-fb09917 elementor-section-boxed elementor-section-height-default elementor-section-height-default\" data-id=\"fb09917\" data-element_type=\"section\" data-e-type=\"section\">\n\t\t\t\t\t\t<div class=\"elementor-container elementor-column-gap-default\">\n\t\t\t\t\t<div class=\"elementor-column elementor-col-100 elementor-top-column elementor-element elementor-element-6d574b1\" data-id=\"6d574b1\" data-element_type=\"column\" data-e-type=\"column\">\n\t\t\t<div class=\"elementor-widget-wrap elementor-element-populated\">\n\t\t\t\t\t\t<div class=\"elementor-element elementor-element-48dbdaa elementor-widget-divider--view-line elementor-widget elementor-widget-divider\" data-id=\"48dbdaa\" data-element_type=\"widget\" data-e-type=\"widget\" data-widget_type=\"divider.default\">\n\t\t\t\t<div class=\"elementor-widget-container\">\n\t\t\t\t\t\t\t<div class=\"elementor-divider\">\n\t\t\t<span class=\"elementor-divider-separator\">\n\t\t\t\t\t\t<\/span>\n\t\t<\/div>\n\t\t\t\t\t\t<\/div>\n\t\t\t\t<\/div>\n\t\t\t\t<div class=\"elementor-element elementor-element-1a11aa3 elementor-align-center elementor-widget elementor-widget-breadcrumbs\" data-id=\"1a11aa3\" data-element_type=\"widget\" data-e-type=\"widget\" data-widget_type=\"breadcrumbs.default\">\n\t\t\t\t<div class=\"elementor-widget-container\">\n\t\t\t\t\t<p id=\"breadcrumbs\"><span><span><a href=\"https:\/\/fortea.sytes.net\/pun\/\">Inici<\/a><\/span><\/span><\/p>\t\t\t\t<\/div>\n\t\t\t\t<\/div>\n\t\t\t\t\t<\/div>\n\t\t<\/div>\n\t\t\t\t\t<\/div>\n\t\t<\/section>\n\t\t\t\t<section class=\"elementor-section elementor-top-section elementor-element elementor-element-9939a6e elementor-section-boxed elementor-section-height-default elementor-section-height-default\" data-id=\"9939a6e\" data-element_type=\"section\" data-e-type=\"section\">\n\t\t\t\t\t\t<div class=\"elementor-container elementor-column-gap-default\">\n\t\t\t\t\t<div class=\"elementor-column elementor-col-100 elementor-top-column elementor-element elementor-element-c38226a\" data-id=\"c38226a\" data-element_type=\"column\" data-e-type=\"column\">\n\t\t\t<div class=\"elementor-widget-wrap elementor-element-populated\">\n\t\t\t\t\t\t<div class=\"elementor-element elementor-element-9d1d4e2 elementor-widget elementor-widget-image\" data-id=\"9d1d4e2\" data-element_type=\"widget\" data-e-type=\"widget\" data-widget_type=\"image.default\">\n\t\t\t\t<div class=\"elementor-widget-container\">\n\t\t\t\t\t\t\t\t\t\t\t\t\t\t\t<img fetchpriority=\"high\" decoding=\"async\" width=\"632\" height=\"160\" src=\"https:\/\/fortea.sytes.net\/pun\/wp-content\/uploads\/2020\/07\/moxa-guai-1.jpg\" class=\"attachment-large size-large wp-image-401\" alt=\"Imatge Moxibusti\u00f3\" srcset=\"https:\/\/fortea.sytes.net\/pun\/wp-content\/uploads\/2020\/07\/moxa-guai-1.jpg 632w, https:\/\/fortea.sytes.net\/pun\/wp-content\/uploads\/2020\/07\/moxa-guai-1-300x76.jpg 300w\" sizes=\"(max-width: 632px) 100vw, 632px\" \/>\t\t\t\t\t\t\t\t\t\t\t\t\t\t\t<\/div>\n\t\t\t\t<\/div>\n\t\t\t\t\t<\/div>\n\t\t<\/div>\n\t\t\t\t\t<\/div>\n\t\t<\/section>\n\t\t\t\t<section class=\"elementor-section elementor-top-section elementor-element elementor-element-23c727d elementor-section-boxed elementor-section-height-default elementor-section-height-default\" data-id=\"23c727d\" data-element_type=\"section\" data-e-type=\"section\">\n\t\t\t\t\t\t<div class=\"elementor-container elementor-column-gap-default\">\n\t\t\t\t\t<div class=\"elementor-column elementor-col-50 elementor-top-column elementor-element elementor-element-cfbfe65\" data-id=\"cfbfe65\" data-element_type=\"column\" data-e-type=\"column\">\n\t\t\t<div class=\"elementor-widget-wrap elementor-element-populated\">\n\t\t\t\t\t\t<div class=\"elementor-element elementor-element-e9c8d8d elementor-widget elementor-widget-text-editor\" data-id=\"e9c8d8d\" data-element_type=\"widget\" data-e-type=\"widget\" data-widget_type=\"text-editor.default\">\n\t\t\t\t<div class=\"elementor-widget-container\">\n\t\t\t\t\t\t\t\t\t<p>La Moxibusti\u00f3 \u00e9s l\u2019aplicaci\u00f3 de calor en algunes zones o punts d\u2019acupuntura del cos, a trav\u00e9s de la combusti\u00f3 de fulles seques de la planta <em>Artemisa Vulgaris<\/em>, altament coneguda per les seves propietats medicinals.<\/p><p>Existeixen diversos formats per aplicar aquesta planta, el m\u00e9s popular \u00e9s el pur cil\u00edndric, tamb\u00e9 s\u00f3n molt utilitzats uns petits cons per aplicar sobre les agulles d\u2019acupuntura, i\u00a0 l\u2019herba en pols per posar dins una caixa que es podr\u00e0 col\u00b7locar damunt el pacien<\/p>\t\t\t\t\t\t\t\t<\/div>\n\t\t\t\t<\/div>\n\t\t\t\t\t<\/div>\n\t\t<\/div>\n\t\t\t\t<div class=\"elementor-column elementor-col-50 elementor-top-column elementor-element elementor-element-9c4feae\" data-id=\"9c4feae\" data-element_type=\"column\" data-e-type=\"column\">\n\t\t\t<div class=\"elementor-widget-wrap elementor-element-populated\">\n\t\t\t\t\t\t<div class=\"elementor-element elementor-element-991433c elementor-widget elementor-widget-text-editor\" data-id=\"991433c\" data-element_type=\"widget\" data-e-type=\"widget\" data-widget_type=\"text-editor.default\">\n\t\t\t\t<div class=\"elementor-widget-container\">\n\t\t\t\t\t\t\t\t\t<p>La moxibusti\u00f3 \u00e9s una t\u00e8cnica m\u00e9s antiga que l\u2019acupuntura i est\u00e0 totalment integrada dins la Medicina Tradicional Xinesa (MTX). S\u2019utilitza a nivell extern per aplicar calor o treure el fred quan sigui convenient, per eliminar el dolor, per mobilitzar els l\u00edquids o tamb\u00e9 a nivell intern per tonificar punts d\u2019acupuntura.<\/p>\t\t\t\t\t\t\t\t<\/div>\n\t\t\t\t<\/div>\n\t\t\t\t\t<\/div>\n\t\t<\/div>\n\t\t\t\t\t<\/div>\n\t\t<\/section>\n\t\t\t\t<\/div>\n\t\t","protected":false},"excerpt":{"rendered":"<p>Moxibusti\u00f3 La Moxibusti\u00f3 \u00e9s l\u2019aplicaci\u00f3 de calor en algunes zones o punts d\u2019acupuntura del cos, a trav\u00e9s de la combusti\u00f3 de fulles seques de la planta Artemisa Vulgaris, altament coneguda per les seves propietats medicinals. Existeixen diversos formats per aplicar aquesta planta, el m\u00e9s popular \u00e9s el pur cil\u00edndric, tamb\u00e9 s\u00f3n molt utilitzats uns petits [&hellip;]<\/p>\n","protected":false},"author":1,"featured_media":0,"parent":0,"menu_order":0,"comment_status":"closed","ping_status":"closed","template":"","meta":{"site-sidebar-layout":"no-sidebar","site-content-layout":"page-builder","ast-site-content-layout":"","site-content-style":"default","site-sidebar-style":"default","ast-global-header-display":"","ast-banner-title-visibility":"","ast-main-header-display":"","ast-hfb-above-header-display":"","ast-hfb-below-header-display":"","ast-hfb-mobile-header-display":"","site-post-title":"disabled","ast-breadcrumbs-content":"","ast-featured-img":"disabled","footer-sml-layout":"","theme-transparent-header-meta":"default","adv-header-id-meta":"","stick-header-meta":"default","header-above-stick-meta":"","header-main-stick-meta":"","header-below-stick-meta":"","astra-migrate-meta-layouts":"default","ast-page-background-enabled":"default","ast-page-background-meta":{"desktop":{"background-color":"","background-image":"","background-repeat":"repeat","background-position":"center center","background-size":"auto","background-attachment":"scroll","background-type":"","background-media":"","overlay-type":"","overlay-color":"","overlay-opacity":"","overlay-gradient":""},"tablet":{"background-color":"","background-image":"","background-repeat":"repeat","background-position":"center center","background-size":"auto","background-attachment":"scroll","background-type":"","background-media":"","overlay-type":"","overlay-color":"","overlay-opacity":"","overlay-gradient":""},"mobile":{"background-color":"","background-image":"","background-repeat":"repeat","background-position":"center center","background-size":"auto","background-attachment":"scroll","background-type":"","background-media":"","overlay-type":"","overlay-color":"","overlay-opacity":"","overlay-gradient":""}},"ast-content-background-meta":{"desktop":{"background-color":"var(--ast-global-color-5)","background-image":"","background-repeat":"repeat","background-position":"center center","background-size":"auto","background-attachment":"scroll","background-type":"","background-media":"","overlay-type":"","overlay-color":"","overlay-opacity":"","overlay-gradient":""},"tablet":{"background-color":"var(--ast-global-color-5)","background-image":"","background-repeat":"repeat","background-position":"center center","background-size":"auto","background-attachment":"scroll","background-type":"","background-media":"","overlay-type":"","overlay-color":"","overlay-opacity":"","overlay-gradient":""},"mobile":{"background-color":"var(--ast-global-color-5)","background-image":"","background-repeat":"repeat","background-position":"center center","background-size":"auto","background-attachment":"scroll","background-type":"","background-media":"","overlay-type":"","overlay-color":"","overlay-opacity":"","overlay-gradient":""}},"footnotes":""},"class_list":["post-162","page","type-page","status-publish","hentry"],"yoast_head":"<!-- This site is optimized with the Yoast SEO plugin v27.0 - https:\/\/yoast.com\/product\/yoast-seo-wordpress\/ -->\n<title>Moxibusti\u00f3 | Punt Salut<\/title>\n<meta name=\"robots\" content=\"index, follow, max-snippet:-1, max-image-preview:large, max-video-preview:-1\" \/>\n<link rel=\"canonical\" href=\"https:\/\/fortea.sytes.net\/pun\/moxibustio-2\/\" \/>\n<meta property=\"og:locale\" content=\"ca_ES\" \/>\n<meta property=\"og:type\" content=\"article\" \/>\n<meta property=\"og:title\" content=\"Moxibusti\u00f3 | Punt Salut\" \/>\n<meta property=\"og:description\" content=\"Moxibusti\u00f3 La Moxibusti\u00f3 \u00e9s l\u2019aplicaci\u00f3 de calor en algunes zones o punts d\u2019acupuntura del cos, a trav\u00e9s de la combusti\u00f3 de fulles seques de la planta Artemisa Vulgaris, altament coneguda per les seves propietats medicinals. Existeixen diversos formats per aplicar aquesta planta, el m\u00e9s popular \u00e9s el pur cil\u00edndric, tamb\u00e9 s\u00f3n molt utilitzats uns petits [&hellip;]\" \/>\n<meta property=\"og:url\" content=\"https:\/\/fortea.sytes.net\/pun\/moxibustio-2\/\" \/>\n<meta property=\"og:site_name\" content=\"Punt Salut\" \/>\n<meta property=\"article:modified_time\" content=\"2022-09-28T08:05:36+00:00\" \/>\n<meta property=\"og:image\" content=\"https:\/\/fortea.sytes.net\/pun\/wp-content\/uploads\/2020\/07\/moxa-guai-1.jpg\" \/>\n<meta name=\"twitter:card\" content=\"summary_large_image\" \/>\n<meta name=\"twitter:label1\" content=\"Temps estimat de lectura\" \/>\n\t<meta name=\"twitter:data1\" content=\"1 minut\" \/>\n<script type=\"application\/ld+json\" class=\"yoast-schema-graph\">{\"@context\":\"https:\/\/schema.org\",\"@graph\":[{\"@type\":\"WebPage\",\"@id\":\"https:\/\/fortea.sytes.net\/pun\/moxibustio-2\/\",\"url\":\"https:\/\/fortea.sytes.net\/pun\/moxibustio-2\/\",\"name\":\"Moxibusti\u00f3 | Punt Salut\",\"isPartOf\":{\"@id\":\"https:\/\/fortea.sytes.net\/pun\/#website\"},\"primaryImageOfPage\":{\"@id\":\"https:\/\/fortea.sytes.net\/pun\/moxibustio-2\/#primaryimage\"},\"image\":{\"@id\":\"https:\/\/fortea.sytes.net\/pun\/moxibustio-2\/#primaryimage\"},\"thumbnailUrl\":\"https:\/\/fortea.sytes.net\/pun\/wp-content\/uploads\/2020\/07\/moxa-guai-1.jpg\",\"datePublished\":\"2020-07-05T08:17:31+00:00\",\"dateModified\":\"2022-09-28T08:05:36+00:00\",\"breadcrumb\":{\"@id\":\"https:\/\/fortea.sytes.net\/pun\/moxibustio-2\/#breadcrumb\"},\"inLanguage\":\"ca\",\"potentialAction\":[{\"@type\":\"ReadAction\",\"target\":[\"https:\/\/fortea.sytes.net\/pun\/moxibustio-2\/\"]}]},{\"@type\":\"ImageObject\",\"inLanguage\":\"ca\",\"@id\":\"https:\/\/fortea.sytes.net\/pun\/moxibustio-2\/#primaryimage\",\"url\":\"https:\/\/fortea.sytes.net\/pun\/wp-content\/uploads\/2020\/07\/moxa-guai-1.jpg\",\"contentUrl\":\"https:\/\/fortea.sytes.net\/pun\/wp-content\/uploads\/2020\/07\/moxa-guai-1.jpg\",\"width\":632,\"height\":160,\"caption\":\"Imatge Moxibusti\u00f3\"},{\"@type\":\"BreadcrumbList\",\"@id\":\"https:\/\/fortea.sytes.net\/pun\/moxibustio-2\/#breadcrumb\",\"itemListElement\":[{\"@type\":\"ListItem\",\"position\":1,\"name\":\"Inici\",\"item\":\"https:\/\/fortea.sytes.net\/pun\/\"},{\"@type\":\"ListItem\",\"position\":2,\"name\":\"Moxibusti\u00f3\"}]},{\"@type\":\"WebSite\",\"@id\":\"https:\/\/fortea.sytes.net\/pun\/#website\",\"url\":\"https:\/\/fortea.sytes.net\/pun\/\",\"name\":\"Punt Salut\",\"description\":\"Centre de ter\u00e0pies naturals\",\"publisher\":{\"@id\":\"https:\/\/fortea.sytes.net\/pun\/#organization\"},\"potentialAction\":[{\"@type\":\"SearchAction\",\"target\":{\"@type\":\"EntryPoint\",\"urlTemplate\":\"https:\/\/fortea.sytes.net\/pun\/?s={search_term_string}\"},\"query-input\":{\"@type\":\"PropertyValueSpecification\",\"valueRequired\":true,\"valueName\":\"search_term_string\"}}],\"inLanguage\":\"ca\"},{\"@type\":\"Organization\",\"@id\":\"https:\/\/fortea.sytes.net\/pun\/#organization\",\"name\":\"Puntsalut\",\"url\":\"https:\/\/fortea.sytes.net\/pun\/\",\"logo\":{\"@type\":\"ImageObject\",\"inLanguage\":\"ca\",\"@id\":\"https:\/\/fortea.sytes.net\/pun\/#\/schema\/logo\/image\/\",\"url\":\"https:\/\/fortea.sytes.net\/pun\/wp-content\/uploads\/2020\/07\/cropped-logo-220-rosa-220x74-1.jpg\",\"contentUrl\":\"https:\/\/fortea.sytes.net\/pun\/wp-content\/uploads\/2020\/07\/cropped-logo-220-rosa-220x74-1.jpg\",\"width\":220,\"height\":74,\"caption\":\"Puntsalut\"},\"image\":{\"@id\":\"https:\/\/fortea.sytes.net\/pun\/#\/schema\/logo\/image\/\"}}]}<\/script>\n<!-- \/ Yoast SEO plugin. -->","yoast_head_json":{"title":"Moxibusti\u00f3 | Punt Salut","robots":{"index":"index","follow":"follow","max-snippet":"max-snippet:-1","max-image-preview":"max-image-preview:large","max-video-preview":"max-video-preview:-1"},"canonical":"https:\/\/fortea.sytes.net\/pun\/moxibustio-2\/","og_locale":"ca_ES","og_type":"article","og_title":"Moxibusti\u00f3 | Punt Salut","og_description":"Moxibusti\u00f3 La Moxibusti\u00f3 \u00e9s l\u2019aplicaci\u00f3 de calor en algunes zones o punts d\u2019acupuntura del cos, a trav\u00e9s de la combusti\u00f3 de fulles seques de la planta Artemisa Vulgaris, altament coneguda per les seves propietats medicinals. Existeixen diversos formats per aplicar aquesta planta, el m\u00e9s popular \u00e9s el pur cil\u00edndric, tamb\u00e9 s\u00f3n molt utilitzats uns petits [&hellip;]","og_url":"https:\/\/fortea.sytes.net\/pun\/moxibustio-2\/","og_site_name":"Punt Salut","article_modified_time":"2022-09-28T08:05:36+00:00","og_image":[{"url":"https:\/\/fortea.sytes.net\/pun\/wp-content\/uploads\/2020\/07\/moxa-guai-1.jpg","type":"","width":"","height":""}],"twitter_card":"summary_large_image","twitter_misc":{"Temps estimat de lectura":"1 minut"},"schema":{"@context":"https:\/\/schema.org","@graph":[{"@type":"WebPage","@id":"https:\/\/fortea.sytes.net\/pun\/moxibustio-2\/","url":"https:\/\/fortea.sytes.net\/pun\/moxibustio-2\/","name":"Moxibusti\u00f3 | Punt Salut","isPartOf":{"@id":"https:\/\/fortea.sytes.net\/pun\/#website"},"primaryImageOfPage":{"@id":"https:\/\/fortea.sytes.net\/pun\/moxibustio-2\/#primaryimage"},"image":{"@id":"https:\/\/fortea.sytes.net\/pun\/moxibustio-2\/#primaryimage"},"thumbnailUrl":"https:\/\/fortea.sytes.net\/pun\/wp-content\/uploads\/2020\/07\/moxa-guai-1.jpg","datePublished":"2020-07-05T08:17:31+00:00","dateModified":"2022-09-28T08:05:36+00:00","breadcrumb":{"@id":"https:\/\/fortea.sytes.net\/pun\/moxibustio-2\/#breadcrumb"},"inLanguage":"ca","potentialAction":[{"@type":"ReadAction","target":["https:\/\/fortea.sytes.net\/pun\/moxibustio-2\/"]}]},{"@type":"ImageObject","inLanguage":"ca","@id":"https:\/\/fortea.sytes.net\/pun\/moxibustio-2\/#primaryimage","url":"https:\/\/fortea.sytes.net\/pun\/wp-content\/uploads\/2020\/07\/moxa-guai-1.jpg","contentUrl":"https:\/\/fortea.sytes.net\/pun\/wp-content\/uploads\/2020\/07\/moxa-guai-1.jpg","width":632,"height":160,"caption":"Imatge Moxibusti\u00f3"},{"@type":"BreadcrumbList","@id":"https:\/\/fortea.sytes.net\/pun\/moxibustio-2\/#breadcrumb","itemListElement":[{"@type":"ListItem","position":1,"name":"Inici","item":"https:\/\/fortea.sytes.net\/pun\/"},{"@type":"ListItem","position":2,"name":"Moxibusti\u00f3"}]},{"@type":"WebSite","@id":"https:\/\/fortea.sytes.net\/pun\/#website","url":"https:\/\/fortea.sytes.net\/pun\/","name":"Punt Salut","description":"Centre de ter\u00e0pies naturals","publisher":{"@id":"https:\/\/fortea.sytes.net\/pun\/#organization"},"potentialAction":[{"@type":"SearchAction","target":{"@type":"EntryPoint","urlTemplate":"https:\/\/fortea.sytes.net\/pun\/?s={search_term_string}"},"query-input":{"@type":"PropertyValueSpecification","valueRequired":true,"valueName":"search_term_string"}}],"inLanguage":"ca"},{"@type":"Organization","@id":"https:\/\/fortea.sytes.net\/pun\/#organization","name":"Puntsalut","url":"https:\/\/fortea.sytes.net\/pun\/","logo":{"@type":"ImageObject","inLanguage":"ca","@id":"https:\/\/fortea.sytes.net\/pun\/#\/schema\/logo\/image\/","url":"https:\/\/fortea.sytes.net\/pun\/wp-content\/uploads\/2020\/07\/cropped-logo-220-rosa-220x74-1.jpg","contentUrl":"https:\/\/fortea.sytes.net\/pun\/wp-content\/uploads\/2020\/07\/cropped-logo-220-rosa-220x74-1.jpg","width":220,"height":74,"caption":"Puntsalut"},"image":{"@id":"https:\/\/fortea.sytes.net\/pun\/#\/schema\/logo\/image\/"}}]}},"_links":{"self":[{"href":"https:\/\/fortea.sytes.net\/pun\/wp-json\/wp\/v2\/pages\/162","targetHints":{"allow":["GET"]}}],"collection":[{"href":"https:\/\/fortea.sytes.net\/pun\/wp-json\/wp\/v2\/pages"}],"about":[{"href":"https:\/\/fortea.sytes.net\/pun\/wp-json\/wp\/v2\/types\/page"}],"author":[{"embeddable":true,"href":"https:\/\/fortea.sytes.net\/pun\/wp-json\/wp\/v2\/users\/1"}],"replies":[{"embeddable":true,"href":"https:\/\/fortea.sytes.net\/pun\/wp-json\/wp\/v2\/comments?post=162"}],"version-history":[{"count":0,"href":"https:\/\/fortea.sytes.net\/pun\/wp-json\/wp\/v2\/pages\/162\/revisions"}],"wp:attachment":[{"href":"https:\/\/fortea.sytes.net\/pun\/wp-json\/wp\/v2\/media?parent=162"}],"curies":[{"name":"wp","href":"https:\/\/api.w.org\/{rel}","templated":true}]}}