{"id":160,"date":"2020-07-05T10:16:51","date_gmt":"2020-07-05T08:16:51","guid":{"rendered":"https:\/\/fortea.sytes.net\/pun\/?page_id=160"},"modified":"2022-09-28T10:39:27","modified_gmt":"2022-09-28T08:39:27","slug":"acupuntura","status":"publish","type":"page","link":"https:\/\/fortea.sytes.net\/pun\/acupuntura\/","title":{"rendered":"Acupuntura"},"content":{"rendered":"\t\t<div data-elementor-type=\"wp-page\" data-elementor-id=\"160\" class=\"elementor elementor-160\" data-elementor-post-type=\"page\">\n\t\t\t\t\t\t<section class=\"elementor-section elementor-top-section elementor-element elementor-element-17dceff elementor-section-boxed elementor-section-height-default elementor-section-height-default\" data-id=\"17dceff\" data-element_type=\"section\" data-e-type=\"section\">\n\t\t\t\t\t\t<div class=\"elementor-container elementor-column-gap-default\">\n\t\t\t\t\t<div class=\"elementor-column elementor-col-100 elementor-top-column elementor-element elementor-element-15e7b09\" data-id=\"15e7b09\" data-element_type=\"column\" data-e-type=\"column\">\n\t\t\t<div class=\"elementor-widget-wrap elementor-element-populated\">\n\t\t\t\t\t\t<div class=\"elementor-element elementor-element-f27d035 elementor-widget elementor-widget-heading\" data-id=\"f27d035\" data-element_type=\"widget\" data-e-type=\"widget\" data-widget_type=\"heading.default\">\n\t\t\t\t<div class=\"elementor-widget-container\">\n\t\t\t\t\t<h2 class=\"elementor-heading-title elementor-size-default\">Acupuntura<\/h2>\t\t\t\t<\/div>\n\t\t\t\t<\/div>\n\t\t\t\t\t<\/div>\n\t\t<\/div>\n\t\t\t\t\t<\/div>\n\t\t<\/section>\n\t\t\t\t<section class=\"elementor-section elementor-top-section elementor-element elementor-element-6a530c5 elementor-section-boxed elementor-section-height-default elementor-section-height-default\" data-id=\"6a530c5\" data-element_type=\"section\" data-e-type=\"section\">\n\t\t\t\t\t\t<div class=\"elementor-container elementor-column-gap-default\">\n\t\t\t\t\t<div class=\"elementor-column elementor-col-100 elementor-top-column elementor-element elementor-element-24adb6c\" data-id=\"24adb6c\" data-element_type=\"column\" data-e-type=\"column\">\n\t\t\t<div class=\"elementor-widget-wrap elementor-element-populated\">\n\t\t\t\t\t\t<div class=\"elementor-element elementor-element-cc136e9 elementor-widget-divider--view-line elementor-widget elementor-widget-divider\" data-id=\"cc136e9\" data-element_type=\"widget\" data-e-type=\"widget\" data-widget_type=\"divider.default\">\n\t\t\t\t<div class=\"elementor-widget-container\">\n\t\t\t\t\t\t\t<div class=\"elementor-divider\">\n\t\t\t<span class=\"elementor-divider-separator\">\n\t\t\t\t\t\t<\/span>\n\t\t<\/div>\n\t\t\t\t\t\t<\/div>\n\t\t\t\t<\/div>\n\t\t\t\t\t<\/div>\n\t\t<\/div>\n\t\t\t\t\t<\/div>\n\t\t<\/section>\n\t\t\t\t<section class=\"elementor-section elementor-top-section elementor-element elementor-element-d4e6d6e elementor-section-boxed elementor-section-height-default elementor-section-height-default\" data-id=\"d4e6d6e\" data-element_type=\"section\" data-e-type=\"section\">\n\t\t\t\t\t\t<div class=\"elementor-container elementor-column-gap-default\">\n\t\t\t\t\t<div class=\"elementor-column elementor-col-100 elementor-top-column elementor-element elementor-element-0f01bc0\" data-id=\"0f01bc0\" data-element_type=\"column\" data-e-type=\"column\">\n\t\t\t<div class=\"elementor-widget-wrap elementor-element-populated\">\n\t\t\t\t\t\t<div class=\"elementor-element elementor-element-25c4ae1 elementor-align-center elementor-widget elementor-widget-breadcrumbs\" data-id=\"25c4ae1\" data-element_type=\"widget\" data-e-type=\"widget\" data-widget_type=\"breadcrumbs.default\">\n\t\t\t\t<div class=\"elementor-widget-container\">\n\t\t\t\t\t<p id=\"breadcrumbs\"><span><span><a href=\"https:\/\/fortea.sytes.net\/pun\/\">Inici<\/a><\/span><\/span><\/p>\t\t\t\t<\/div>\n\t\t\t\t<\/div>\n\t\t\t\t\t<\/div>\n\t\t<\/div>\n\t\t\t\t\t<\/div>\n\t\t<\/section>\n\t\t\t\t<section class=\"elementor-section elementor-top-section elementor-element elementor-element-8d70829 elementor-section-boxed elementor-section-height-default elementor-section-height-default\" data-id=\"8d70829\" data-element_type=\"section\" data-e-type=\"section\">\n\t\t\t\t\t\t<div class=\"elementor-container elementor-column-gap-default\">\n\t\t\t\t\t<div class=\"elementor-column elementor-col-100 elementor-top-column elementor-element elementor-element-49f5d0c\" data-id=\"49f5d0c\" data-element_type=\"column\" data-e-type=\"column\">\n\t\t\t<div class=\"elementor-widget-wrap elementor-element-populated\">\n\t\t\t\t\t\t<div class=\"elementor-element elementor-element-ec891c4 elementor-widget elementor-widget-image\" data-id=\"ec891c4\" data-element_type=\"widget\" data-e-type=\"widget\" data-widget_type=\"image.default\">\n\t\t\t\t<div class=\"elementor-widget-container\">\n\t\t\t\t\t\t\t\t\t\t\t\t\t\t\t<img fetchpriority=\"high\" decoding=\"async\" width=\"980\" height=\"250\" src=\"https:\/\/fortea.sytes.net\/pun\/wp-content\/uploads\/2020\/07\/Agulla-melic.jpg\" class=\"attachment-large size-large wp-image-313\" alt=\"Imatge agulla melic\" srcset=\"https:\/\/fortea.sytes.net\/pun\/wp-content\/uploads\/2020\/07\/Agulla-melic.jpg 980w, https:\/\/fortea.sytes.net\/pun\/wp-content\/uploads\/2020\/07\/Agulla-melic-300x77.jpg 300w, https:\/\/fortea.sytes.net\/pun\/wp-content\/uploads\/2020\/07\/Agulla-melic-768x196.jpg 768w\" sizes=\"(max-width: 980px) 100vw, 980px\" \/>\t\t\t\t\t\t\t\t\t\t\t\t\t\t\t<\/div>\n\t\t\t\t<\/div>\n\t\t\t\t\t<\/div>\n\t\t<\/div>\n\t\t\t\t\t<\/div>\n\t\t<\/section>\n\t\t\t\t<section class=\"elementor-section elementor-top-section elementor-element elementor-element-2435067 elementor-section-boxed elementor-section-height-default elementor-section-height-default\" data-id=\"2435067\" data-element_type=\"section\" data-e-type=\"section\">\n\t\t\t\t\t\t<div class=\"elementor-container elementor-column-gap-default\">\n\t\t\t\t\t<div class=\"elementor-column elementor-col-50 elementor-top-column elementor-element elementor-element-be043f6\" data-id=\"be043f6\" data-element_type=\"column\" data-e-type=\"column\">\n\t\t\t<div class=\"elementor-widget-wrap elementor-element-populated\">\n\t\t\t\t\t\t<div class=\"elementor-element elementor-element-cb7930d elementor-widget elementor-widget-text-editor\" data-id=\"cb7930d\" data-element_type=\"widget\" data-e-type=\"widget\" data-widget_type=\"text-editor.default\">\n\t\t\t\t<div class=\"elementor-widget-container\">\n\t\t\t\t\t\t\t\t\t<div class=\"col-md-6 col-1\"><p>L\u2019Acupuntura \u00e9s una t\u00e8cnica de la Medicina Tradicional Xinesa (MTX), que s\u2019utilitza des de fa m\u00e9s de 2.500 anys a Xina, y no ha estat fins a la segona mitat del segle XX, que s\u2019ha est\u00e8s en el m\u00f3n occidental.<\/p><p>L\u2019Acupuntura \u00e9s la inserci\u00f3 d\u2019agulles molt fines, de diferents llargades i materials com acer inoxidable, plata, coure o or, a uns punts energ\u00e8tics del cos que formen part d\u2019una xarxa de meridians o canals, amb la finalitat de desencadenar una resposta de curaci\u00f3 natural de l\u2019organisme, a trav\u00e9s de l\u2019estimulaci\u00f3 de l\u2019energia vital (Qi), \u00a0per restablir l\u2019equilibri de les persones.<\/p><p>L\u2019acupuntor ha de ser un expert en harmonitzar el sistema energ\u00e8tic del cos, i el seu coneixement s\u2019utilitza per saber quins punts o combinacions de punts s\u00f3n els m\u00e9s adequats en cada persona i en cada moment.<\/p><\/div>\t\t\t\t\t\t\t\t<\/div>\n\t\t\t\t<\/div>\n\t\t\t\t\t<\/div>\n\t\t<\/div>\n\t\t\t\t<div class=\"elementor-column elementor-col-50 elementor-top-column elementor-element elementor-element-d56c2a3\" data-id=\"d56c2a3\" data-element_type=\"column\" data-e-type=\"column\">\n\t\t\t<div class=\"elementor-widget-wrap elementor-element-populated\">\n\t\t\t\t\t\t<div class=\"elementor-element elementor-element-1143936 elementor-widget elementor-widget-text-editor\" data-id=\"1143936\" data-element_type=\"widget\" data-e-type=\"widget\" data-widget_type=\"text-editor.default\">\n\t\t\t\t<div class=\"elementor-widget-container\">\n\t\t\t\t\t\t\t\t\t<p>La perspectiva cient\u00edfica ha demostrat l\u2019efecte de l\u2019acupuntura en el cos, per\u00f2 no compr\u00e8n l\u2019exist\u00e8ncia del Qi ni dels meridians, i considera que els punts d\u2019acupuntura estimulen el sistema nervi\u00f3s central, alliberant subst\u00e0ncies qu\u00edmiques, actuant en el sistema d\u2019autoregulaci\u00f3 del cos, i promovent la salut f\u00edsica, mental i emocional.<\/p><p>Al ser l\u2019Acupuntura una t\u00e8cnica dins de la MTX, no s\u2019utilitza sense la metodologia del diagnosi i va acompanyada de les altres t\u00e8cniques si es vol obtenir un resultat eficient i definitiu<\/p>\t\t\t\t\t\t\t\t<\/div>\n\t\t\t\t<\/div>\n\t\t\t\t\t<\/div>\n\t\t<\/div>\n\t\t\t\t\t<\/div>\n\t\t<\/section>\n\t\t\t\t<\/div>\n\t\t","protected":false},"excerpt":{"rendered":"<p>Acupuntura L\u2019Acupuntura \u00e9s una t\u00e8cnica de la Medicina Tradicional Xinesa (MTX), que s\u2019utilitza des de fa m\u00e9s de 2.500 anys a Xina, y no ha estat fins a la segona mitat del segle XX, que s\u2019ha est\u00e8s en el m\u00f3n occidental. L\u2019Acupuntura \u00e9s la inserci\u00f3 d\u2019agulles molt fines, de diferents llargades i materials com acer [&hellip;]<\/p>\n","protected":false},"author":1,"featured_media":0,"parent":0,"menu_order":0,"comment_status":"closed","ping_status":"closed","template":"","meta":{"site-sidebar-layout":"no-sidebar","site-content-layout":"page-builder","ast-site-content-layout":"","site-content-style":"default","site-sidebar-style":"default","ast-global-header-display":"","ast-banner-title-visibility":"","ast-main-header-display":"","ast-hfb-above-header-display":"","ast-hfb-below-header-display":"","ast-hfb-mobile-header-display":"","site-post-title":"disabled","ast-breadcrumbs-content":"","ast-featured-img":"disabled","footer-sml-layout":"","theme-transparent-header-meta":"default","adv-header-id-meta":"","stick-header-meta":"default","header-above-stick-meta":"","header-main-stick-meta":"","header-below-stick-meta":"","astra-migrate-meta-layouts":"default","ast-page-background-enabled":"default","ast-page-background-meta":{"desktop":{"background-color":"","background-image":"","background-repeat":"repeat","background-position":"center center","background-size":"auto","background-attachment":"scroll","background-type":"","background-media":"","overlay-type":"","overlay-color":"","overlay-opacity":"","overlay-gradient":""},"tablet":{"background-color":"","background-image":"","background-repeat":"repeat","background-position":"center center","background-size":"auto","background-attachment":"scroll","background-type":"","background-media":"","overlay-type":"","overlay-color":"","overlay-opacity":"","overlay-gradient":""},"mobile":{"background-color":"","background-image":"","background-repeat":"repeat","background-position":"center center","background-size":"auto","background-attachment":"scroll","background-type":"","background-media":"","overlay-type":"","overlay-color":"","overlay-opacity":"","overlay-gradient":""}},"ast-content-background-meta":{"desktop":{"background-color":"var(--ast-global-color-5)","background-image":"","background-repeat":"repeat","background-position":"center center","background-size":"auto","background-attachment":"scroll","background-type":"","background-media":"","overlay-type":"","overlay-color":"","overlay-opacity":"","overlay-gradient":""},"tablet":{"background-color":"var(--ast-global-color-5)","background-image":"","background-repeat":"repeat","background-position":"center center","background-size":"auto","background-attachment":"scroll","background-type":"","background-media":"","overlay-type":"","overlay-color":"","overlay-opacity":"","overlay-gradient":""},"mobile":{"background-color":"var(--ast-global-color-5)","background-image":"","background-repeat":"repeat","background-position":"center center","background-size":"auto","background-attachment":"scroll","background-type":"","background-media":"","overlay-type":"","overlay-color":"","overlay-opacity":"","overlay-gradient":""}},"footnotes":""},"class_list":["post-160","page","type-page","status-publish","hentry"],"yoast_head":"<!-- This site is optimized with the Yoast SEO plugin v27.0 - https:\/\/yoast.com\/product\/yoast-seo-wordpress\/ -->\n<title>Acupuntura | Punt Salut<\/title>\n<meta name=\"description\" content=\"A punt Salut us podem ajudar amb l&#039;acupuntura per poder alleugerir molts dels mals que patiu, dolor, ansietat, depressi\u00f3 i moltes altres coses\" \/>\n<meta name=\"robots\" content=\"index, follow, max-snippet:-1, max-image-preview:large, max-video-preview:-1\" \/>\n<link rel=\"canonical\" href=\"https:\/\/fortea.sytes.net\/pun\/acupuntura\/\" \/>\n<meta property=\"og:locale\" content=\"ca_ES\" \/>\n<meta property=\"og:type\" content=\"article\" \/>\n<meta property=\"og:title\" content=\"Acupuntura | Punt Salut\" \/>\n<meta property=\"og:description\" content=\"A punt Salut us podem ajudar amb l&#039;acupuntura per poder alleugerir molts dels mals que patiu, dolor, ansietat, depressi\u00f3 i moltes altres coses\" \/>\n<meta property=\"og:url\" content=\"https:\/\/fortea.sytes.net\/pun\/acupuntura\/\" \/>\n<meta property=\"og:site_name\" content=\"Punt Salut\" \/>\n<meta property=\"article:modified_time\" content=\"2022-09-28T08:39:27+00:00\" \/>\n<meta property=\"og:image\" content=\"https:\/\/fortea.sytes.net\/pun\/wp-content\/uploads\/2020\/07\/Agulla-melic.jpg\" \/>\n<meta name=\"twitter:card\" content=\"summary_large_image\" \/>\n<meta name=\"twitter:label1\" content=\"Temps estimat de lectura\" \/>\n\t<meta name=\"twitter:data1\" content=\"2 minuts\" \/>\n<script type=\"application\/ld+json\" class=\"yoast-schema-graph\">{\"@context\":\"https:\/\/schema.org\",\"@graph\":[{\"@type\":\"WebPage\",\"@id\":\"https:\/\/fortea.sytes.net\/pun\/acupuntura\/\",\"url\":\"https:\/\/fortea.sytes.net\/pun\/acupuntura\/\",\"name\":\"Acupuntura | Punt Salut\",\"isPartOf\":{\"@id\":\"https:\/\/fortea.sytes.net\/pun\/#website\"},\"primaryImageOfPage\":{\"@id\":\"https:\/\/fortea.sytes.net\/pun\/acupuntura\/#primaryimage\"},\"image\":{\"@id\":\"https:\/\/fortea.sytes.net\/pun\/acupuntura\/#primaryimage\"},\"thumbnailUrl\":\"https:\/\/fortea.sytes.net\/pun\/wp-content\/uploads\/2020\/07\/Agulla-melic.jpg\",\"datePublished\":\"2020-07-05T08:16:51+00:00\",\"dateModified\":\"2022-09-28T08:39:27+00:00\",\"description\":\"A punt Salut us podem ajudar amb l'acupuntura per poder alleugerir molts dels mals que patiu, dolor, ansietat, depressi\u00f3 i moltes altres coses\",\"breadcrumb\":{\"@id\":\"https:\/\/fortea.sytes.net\/pun\/acupuntura\/#breadcrumb\"},\"inLanguage\":\"ca\",\"potentialAction\":[{\"@type\":\"ReadAction\",\"target\":[\"https:\/\/fortea.sytes.net\/pun\/acupuntura\/\"]}]},{\"@type\":\"ImageObject\",\"inLanguage\":\"ca\",\"@id\":\"https:\/\/fortea.sytes.net\/pun\/acupuntura\/#primaryimage\",\"url\":\"https:\/\/fortea.sytes.net\/pun\/wp-content\/uploads\/2020\/07\/Agulla-melic.jpg\",\"contentUrl\":\"https:\/\/fortea.sytes.net\/pun\/wp-content\/uploads\/2020\/07\/Agulla-melic.jpg\"},{\"@type\":\"BreadcrumbList\",\"@id\":\"https:\/\/fortea.sytes.net\/pun\/acupuntura\/#breadcrumb\",\"itemListElement\":[{\"@type\":\"ListItem\",\"position\":1,\"name\":\"Inici\",\"item\":\"https:\/\/fortea.sytes.net\/pun\/\"},{\"@type\":\"ListItem\",\"position\":2,\"name\":\"Acupuntura\"}]},{\"@type\":\"WebSite\",\"@id\":\"https:\/\/fortea.sytes.net\/pun\/#website\",\"url\":\"https:\/\/fortea.sytes.net\/pun\/\",\"name\":\"Punt Salut\",\"description\":\"Centre de ter\u00e0pies naturals\",\"publisher\":{\"@id\":\"https:\/\/fortea.sytes.net\/pun\/#organization\"},\"potentialAction\":[{\"@type\":\"SearchAction\",\"target\":{\"@type\":\"EntryPoint\",\"urlTemplate\":\"https:\/\/fortea.sytes.net\/pun\/?s={search_term_string}\"},\"query-input\":{\"@type\":\"PropertyValueSpecification\",\"valueRequired\":true,\"valueName\":\"search_term_string\"}}],\"inLanguage\":\"ca\"},{\"@type\":\"Organization\",\"@id\":\"https:\/\/fortea.sytes.net\/pun\/#organization\",\"name\":\"Puntsalut\",\"url\":\"https:\/\/fortea.sytes.net\/pun\/\",\"logo\":{\"@type\":\"ImageObject\",\"inLanguage\":\"ca\",\"@id\":\"https:\/\/fortea.sytes.net\/pun\/#\/schema\/logo\/image\/\",\"url\":\"https:\/\/fortea.sytes.net\/pun\/wp-content\/uploads\/2020\/07\/cropped-logo-220-rosa-220x74-1.jpg\",\"contentUrl\":\"https:\/\/fortea.sytes.net\/pun\/wp-content\/uploads\/2020\/07\/cropped-logo-220-rosa-220x74-1.jpg\",\"width\":220,\"height\":74,\"caption\":\"Puntsalut\"},\"image\":{\"@id\":\"https:\/\/fortea.sytes.net\/pun\/#\/schema\/logo\/image\/\"}}]}<\/script>\n<!-- \/ Yoast SEO plugin. -->","yoast_head_json":{"title":"Acupuntura | Punt Salut","description":"A punt Salut us podem ajudar amb l'acupuntura per poder alleugerir molts dels mals que patiu, dolor, ansietat, depressi\u00f3 i moltes altres coses","robots":{"index":"index","follow":"follow","max-snippet":"max-snippet:-1","max-image-preview":"max-image-preview:large","max-video-preview":"max-video-preview:-1"},"canonical":"https:\/\/fortea.sytes.net\/pun\/acupuntura\/","og_locale":"ca_ES","og_type":"article","og_title":"Acupuntura | Punt Salut","og_description":"A punt Salut us podem ajudar amb l'acupuntura per poder alleugerir molts dels mals que patiu, dolor, ansietat, depressi\u00f3 i moltes altres coses","og_url":"https:\/\/fortea.sytes.net\/pun\/acupuntura\/","og_site_name":"Punt Salut","article_modified_time":"2022-09-28T08:39:27+00:00","og_image":[{"url":"https:\/\/fortea.sytes.net\/pun\/wp-content\/uploads\/2020\/07\/Agulla-melic.jpg","type":"","width":"","height":""}],"twitter_card":"summary_large_image","twitter_misc":{"Temps estimat de lectura":"2 minuts"},"schema":{"@context":"https:\/\/schema.org","@graph":[{"@type":"WebPage","@id":"https:\/\/fortea.sytes.net\/pun\/acupuntura\/","url":"https:\/\/fortea.sytes.net\/pun\/acupuntura\/","name":"Acupuntura | Punt Salut","isPartOf":{"@id":"https:\/\/fortea.sytes.net\/pun\/#website"},"primaryImageOfPage":{"@id":"https:\/\/fortea.sytes.net\/pun\/acupuntura\/#primaryimage"},"image":{"@id":"https:\/\/fortea.sytes.net\/pun\/acupuntura\/#primaryimage"},"thumbnailUrl":"https:\/\/fortea.sytes.net\/pun\/wp-content\/uploads\/2020\/07\/Agulla-melic.jpg","datePublished":"2020-07-05T08:16:51+00:00","dateModified":"2022-09-28T08:39:27+00:00","description":"A punt Salut us podem ajudar amb l'acupuntura per poder alleugerir molts dels mals que patiu, dolor, ansietat, depressi\u00f3 i moltes altres coses","breadcrumb":{"@id":"https:\/\/fortea.sytes.net\/pun\/acupuntura\/#breadcrumb"},"inLanguage":"ca","potentialAction":[{"@type":"ReadAction","target":["https:\/\/fortea.sytes.net\/pun\/acupuntura\/"]}]},{"@type":"ImageObject","inLanguage":"ca","@id":"https:\/\/fortea.sytes.net\/pun\/acupuntura\/#primaryimage","url":"https:\/\/fortea.sytes.net\/pun\/wp-content\/uploads\/2020\/07\/Agulla-melic.jpg","contentUrl":"https:\/\/fortea.sytes.net\/pun\/wp-content\/uploads\/2020\/07\/Agulla-melic.jpg"},{"@type":"BreadcrumbList","@id":"https:\/\/fortea.sytes.net\/pun\/acupuntura\/#breadcrumb","itemListElement":[{"@type":"ListItem","position":1,"name":"Inici","item":"https:\/\/fortea.sytes.net\/pun\/"},{"@type":"ListItem","position":2,"name":"Acupuntura"}]},{"@type":"WebSite","@id":"https:\/\/fortea.sytes.net\/pun\/#website","url":"https:\/\/fortea.sytes.net\/pun\/","name":"Punt Salut","description":"Centre de ter\u00e0pies naturals","publisher":{"@id":"https:\/\/fortea.sytes.net\/pun\/#organization"},"potentialAction":[{"@type":"SearchAction","target":{"@type":"EntryPoint","urlTemplate":"https:\/\/fortea.sytes.net\/pun\/?s={search_term_string}"},"query-input":{"@type":"PropertyValueSpecification","valueRequired":true,"valueName":"search_term_string"}}],"inLanguage":"ca"},{"@type":"Organization","@id":"https:\/\/fortea.sytes.net\/pun\/#organization","name":"Puntsalut","url":"https:\/\/fortea.sytes.net\/pun\/","logo":{"@type":"ImageObject","inLanguage":"ca","@id":"https:\/\/fortea.sytes.net\/pun\/#\/schema\/logo\/image\/","url":"https:\/\/fortea.sytes.net\/pun\/wp-content\/uploads\/2020\/07\/cropped-logo-220-rosa-220x74-1.jpg","contentUrl":"https:\/\/fortea.sytes.net\/pun\/wp-content\/uploads\/2020\/07\/cropped-logo-220-rosa-220x74-1.jpg","width":220,"height":74,"caption":"Puntsalut"},"image":{"@id":"https:\/\/fortea.sytes.net\/pun\/#\/schema\/logo\/image\/"}}]}},"_links":{"self":[{"href":"https:\/\/fortea.sytes.net\/pun\/wp-json\/wp\/v2\/pages\/160","targetHints":{"allow":["GET"]}}],"collection":[{"href":"https:\/\/fortea.sytes.net\/pun\/wp-json\/wp\/v2\/pages"}],"about":[{"href":"https:\/\/fortea.sytes.net\/pun\/wp-json\/wp\/v2\/types\/page"}],"author":[{"embeddable":true,"href":"https:\/\/fortea.sytes.net\/pun\/wp-json\/wp\/v2\/users\/1"}],"replies":[{"embeddable":true,"href":"https:\/\/fortea.sytes.net\/pun\/wp-json\/wp\/v2\/comments?post=160"}],"version-history":[{"count":0,"href":"https:\/\/fortea.sytes.net\/pun\/wp-json\/wp\/v2\/pages\/160\/revisions"}],"wp:attachment":[{"href":"https:\/\/fortea.sytes.net\/pun\/wp-json\/wp\/v2\/media?parent=160"}],"curies":[{"name":"wp","href":"https:\/\/api.w.org\/{rel}","templated":true}]}}