{"id":156,"date":"2020-07-05T10:15:53","date_gmt":"2020-07-05T08:15:53","guid":{"rendered":"https:\/\/fortea.sytes.net\/pun\/?page_id=156"},"modified":"2020-07-16T09:27:19","modified_gmt":"2020-07-16T07:27:19","slug":"flors-de-bach","status":"publish","type":"page","link":"https:\/\/fortea.sytes.net\/pun\/flors-de-bach\/","title":{"rendered":"Flors de Bach"},"content":{"rendered":"\t\t<div data-elementor-type=\"wp-page\" data-elementor-id=\"156\" class=\"elementor elementor-156\" data-elementor-post-type=\"page\">\n\t\t\t\t\t\t<section class=\"elementor-section elementor-top-section elementor-element elementor-element-afd6002 elementor-section-boxed elementor-section-height-default elementor-section-height-default\" data-id=\"afd6002\" data-element_type=\"section\" data-e-type=\"section\">\n\t\t\t\t\t\t<div class=\"elementor-container elementor-column-gap-default\">\n\t\t\t\t\t<div class=\"elementor-column elementor-col-100 elementor-top-column elementor-element elementor-element-ceae49a\" data-id=\"ceae49a\" data-element_type=\"column\" data-e-type=\"column\">\n\t\t\t<div class=\"elementor-widget-wrap elementor-element-populated\">\n\t\t\t\t\t\t<div class=\"elementor-element elementor-element-4b0e451 elementor-widget elementor-widget-heading\" data-id=\"4b0e451\" data-element_type=\"widget\" data-e-type=\"widget\" data-widget_type=\"heading.default\">\n\t\t\t\t<div class=\"elementor-widget-container\">\n\t\t\t\t\t<h2 class=\"elementor-heading-title elementor-size-default\">Flors de Bach<\/h2>\t\t\t\t<\/div>\n\t\t\t\t<\/div>\n\t\t\t\t\t<\/div>\n\t\t<\/div>\n\t\t\t\t\t<\/div>\n\t\t<\/section>\n\t\t\t\t<section class=\"elementor-section elementor-top-section elementor-element elementor-element-118240a elementor-section-boxed elementor-section-height-default elementor-section-height-default\" data-id=\"118240a\" data-element_type=\"section\" data-e-type=\"section\">\n\t\t\t\t\t\t<div class=\"elementor-container elementor-column-gap-default\">\n\t\t\t\t\t<div class=\"elementor-column elementor-col-100 elementor-top-column elementor-element elementor-element-67f7983\" data-id=\"67f7983\" data-element_type=\"column\" data-e-type=\"column\">\n\t\t\t<div class=\"elementor-widget-wrap elementor-element-populated\">\n\t\t\t\t\t\t<div class=\"elementor-element elementor-element-ad06015 elementor-widget-divider--view-line elementor-widget elementor-widget-divider\" data-id=\"ad06015\" data-element_type=\"widget\" data-e-type=\"widget\" data-widget_type=\"divider.default\">\n\t\t\t\t<div class=\"elementor-widget-container\">\n\t\t\t\t\t\t\t<div class=\"elementor-divider\">\n\t\t\t<span class=\"elementor-divider-separator\">\n\t\t\t\t\t\t<\/span>\n\t\t<\/div>\n\t\t\t\t\t\t<\/div>\n\t\t\t\t<\/div>\n\t\t\t\t\t<\/div>\n\t\t<\/div>\n\t\t\t\t\t<\/div>\n\t\t<\/section>\n\t\t\t\t<section class=\"elementor-section elementor-top-section elementor-element elementor-element-c5df3eb elementor-section-boxed elementor-section-height-default elementor-section-height-default\" data-id=\"c5df3eb\" data-element_type=\"section\" data-e-type=\"section\">\n\t\t\t\t\t\t<div class=\"elementor-container elementor-column-gap-default\">\n\t\t\t\t\t<div class=\"elementor-column elementor-col-100 elementor-top-column elementor-element elementor-element-d2581df\" data-id=\"d2581df\" data-element_type=\"column\" data-e-type=\"column\">\n\t\t\t<div class=\"elementor-widget-wrap elementor-element-populated\">\n\t\t\t\t\t\t<div class=\"elementor-element elementor-element-6a1f0f3 elementor-widget elementor-widget-image\" data-id=\"6a1f0f3\" data-element_type=\"widget\" data-e-type=\"widget\" data-widget_type=\"image.default\">\n\t\t\t\t<div class=\"elementor-widget-container\">\n\t\t\t\t\t\t\t\t\t\t\t\t\t\t\t<img fetchpriority=\"high\" decoding=\"async\" width=\"851\" height=\"217\" src=\"https:\/\/fortea.sytes.net\/pun\/wp-content\/uploads\/2020\/07\/flors-bach-tallada.jpg\" class=\"attachment-large size-large wp-image-326\" alt=\"imatge flors de Bach\" srcset=\"https:\/\/fortea.sytes.net\/pun\/wp-content\/uploads\/2020\/07\/flors-bach-tallada.jpg 851w, https:\/\/fortea.sytes.net\/pun\/wp-content\/uploads\/2020\/07\/flors-bach-tallada-300x76.jpg 300w, https:\/\/fortea.sytes.net\/pun\/wp-content\/uploads\/2020\/07\/flors-bach-tallada-768x196.jpg 768w\" sizes=\"(max-width: 851px) 100vw, 851px\" \/>\t\t\t\t\t\t\t\t\t\t\t\t\t\t\t<\/div>\n\t\t\t\t<\/div>\n\t\t\t\t\t<\/div>\n\t\t<\/div>\n\t\t\t\t\t<\/div>\n\t\t<\/section>\n\t\t\t\t<section class=\"elementor-section elementor-top-section elementor-element elementor-element-3aed8b7 elementor-section-boxed elementor-section-height-default elementor-section-height-default\" data-id=\"3aed8b7\" data-element_type=\"section\" data-e-type=\"section\">\n\t\t\t\t\t\t<div class=\"elementor-container elementor-column-gap-default\">\n\t\t\t\t\t<div class=\"elementor-column elementor-col-50 elementor-top-column elementor-element elementor-element-082477c\" data-id=\"082477c\" data-element_type=\"column\" data-e-type=\"column\">\n\t\t\t<div class=\"elementor-widget-wrap elementor-element-populated\">\n\t\t\t\t\t\t<div class=\"elementor-element elementor-element-e561d8f elementor-widget elementor-widget-text-editor\" data-id=\"e561d8f\" data-element_type=\"widget\" data-e-type=\"widget\" data-widget_type=\"text-editor.default\">\n\t\t\t\t<div class=\"elementor-widget-container\">\n\t\t\t\t\t\t\t\t\t<div class=\"col-md-6 col-1\"><p>Les Flors de Bach, \u00e9s una ter\u00e0pia a trav\u00e9s de 38 remeis florals que va descobrir el Dr. Edward Bach l\u2019any 1934, per tal de tractar el que ell anomenava els estats an\u00edmics i emocionals negatius.<\/p><p>Bach tenia una visi\u00f3 transcendental de l\u2019\u00e9sser hum\u00e0, i explicava que la malaltia t\u00e9 un origen que no \u00e9s material, si no el resultat d\u2019una s\u00e8rie de trastorns originats per la falta de connexi\u00f3 entre l\u2019\u00e0nima i la personalitat, produint malestars com irritaci\u00f3, esgotament i tot un seguit d\u2019emocions resultants d\u2019uns estats d\u2019\u00e0nims negatius.<\/p><p>El Dr. Bach va descriure 7 actituds emocionals negatives, que la seva persist\u00e8ncia acaba precipitant en el cos f\u00edsic a trav\u00e9s de la malaltia.\u00a0 Aquestes 7 actituds negatives s\u00f3n les seg\u00fcents:<\/p><ul><li>Orgull<\/li><li>Crueltat<\/li><li>Odi<\/li><li>Egoisme<\/li><li>Ignor\u00e0ncia<\/li><li>Inestabilitat, Indecisi\u00f3 o debilitat<\/li><li>Cobd\u00edcia o avar\u00edcia<\/li><\/ul><p>Per desfer-se d\u2019una d\u2019aquestes actituds, la soluci\u00f3 \u00e9s desenvolupar la virtut oposada, per exemple si \u00e9s una persona egoista i vol canviar haurem de potenciar la generositat.\u00a0 En la pr\u00e0ctica el pacient sap que no est\u00e0 b\u00e9, per\u00f2 no sap el perqu\u00e8, la ter\u00e0pia floral del Dr. Bach l\u2019ajuda actuant en les seves emocions, sanant-les.<\/p><\/div>\t\t\t\t\t\t\t\t<\/div>\n\t\t\t\t<\/div>\n\t\t\t\t\t<\/div>\n\t\t<\/div>\n\t\t\t\t<div class=\"elementor-column elementor-col-50 elementor-top-column elementor-element elementor-element-10d1ead\" data-id=\"10d1ead\" data-element_type=\"column\" data-e-type=\"column\">\n\t\t\t<div class=\"elementor-widget-wrap elementor-element-populated\">\n\t\t\t\t\t\t<div class=\"elementor-element elementor-element-80e01a7 elementor-widget elementor-widget-text-editor\" data-id=\"80e01a7\" data-element_type=\"widget\" data-e-type=\"widget\" data-widget_type=\"text-editor.default\">\n\t\t\t\t<div class=\"elementor-widget-container\">\n\t\t\t\t\t\t\t\t\t<div class=\"col-md-6 col-1\"><div class=\"col-md-6 col-2\"><ol><li>Les flors de Bach no actuen nom\u00e9s a nivell mental o emocional, tamb\u00e9 ho fan harmonitzat tots els altres nivells de la persona, fins a el nivell f\u00edsic.\u00a0<\/li><li>Tots els \u00e9ssers vius (persones, animals i plantes), poden beneficiar-se d\u2019aquest sistema.<\/li><li>No t\u00e9 contraindicacions i es pot donar en beb\u00e8s, embarassades i gent gran.<\/li><li>No te efectes secundaris adversos, per\u00f2 en els primers dies pot apar\u00e8ixer un reordenament del contingut emocional, mental o f\u00edsic, fent sortir a la superf\u00edcie all\u00f2 que la persona porta en el seu fons.<\/li><li>Es poden utilitzar tamb\u00e9 a\u00a0 nivell t\u00f2pic amb cremes, col\u00b7liris i compreses per a afeccions del sistema muscular, inflamacions, tastorns de la pell, cremades, mol\u00e8sties als ulls o a l\u2019o\u00efda.<\/li><\/ol><p>El Dr. Bach va morir dos anys m\u00e9s tard despr\u00e9s d\u2019haver descobert les seves flors, el 1936.\u00a0 Han passat 80 anys,\u00a0 encara \u00e9s una t\u00e8cnica molt utilitzada i els seus remeis figuren entre els sistemes m\u00e8dics naturals reconeguts i recomanats per a la Organitzaci\u00f3 Mundial de la Salut (OMS) des del 1983.<\/p><\/div><\/div>\t\t\t\t\t\t\t\t<\/div>\n\t\t\t\t<\/div>\n\t\t\t\t\t<\/div>\n\t\t<\/div>\n\t\t\t\t\t<\/div>\n\t\t<\/section>\n\t\t\t\t<\/div>\n\t\t","protected":false},"excerpt":{"rendered":"<p>Flors de Bach Les Flors de Bach, \u00e9s una ter\u00e0pia a trav\u00e9s de 38 remeis florals que va descobrir el Dr. Edward Bach l\u2019any 1934, per tal de tractar el que ell anomenava els estats an\u00edmics i emocionals negatius. Bach tenia una visi\u00f3 transcendental de l\u2019\u00e9sser hum\u00e0, i explicava que la malaltia t\u00e9 un origen [&hellip;]<\/p>\n","protected":false},"author":1,"featured_media":0,"parent":0,"menu_order":0,"comment_status":"closed","ping_status":"closed","template":"","meta":{"site-sidebar-layout":"no-sidebar","site-content-layout":"page-builder","ast-site-content-layout":"","site-content-style":"default","site-sidebar-style":"default","ast-global-header-display":"","ast-banner-title-visibility":"","ast-main-header-display":"","ast-hfb-above-header-display":"","ast-hfb-below-header-display":"","ast-hfb-mobile-header-display":"","site-post-title":"disabled","ast-breadcrumbs-content":"","ast-featured-img":"disabled","footer-sml-layout":"","theme-transparent-header-meta":"default","adv-header-id-meta":"","stick-header-meta":"default","header-above-stick-meta":"","header-main-stick-meta":"","header-below-stick-meta":"","astra-migrate-meta-layouts":"default","ast-page-background-enabled":"default","ast-page-background-meta":{"desktop":{"background-color":"","background-image":"","background-repeat":"repeat","background-position":"center center","background-size":"auto","background-attachment":"scroll","background-type":"","background-media":"","overlay-type":"","overlay-color":"","overlay-opacity":"","overlay-gradient":""},"tablet":{"background-color":"","background-image":"","background-repeat":"repeat","background-position":"center center","background-size":"auto","background-attachment":"scroll","background-type":"","background-media":"","overlay-type":"","overlay-color":"","overlay-opacity":"","overlay-gradient":""},"mobile":{"background-color":"","background-image":"","background-repeat":"repeat","background-position":"center center","background-size":"auto","background-attachment":"scroll","background-type":"","background-media":"","overlay-type":"","overlay-color":"","overlay-opacity":"","overlay-gradient":""}},"ast-content-background-meta":{"desktop":{"background-color":"var(--ast-global-color-5)","background-image":"","background-repeat":"repeat","background-position":"center center","background-size":"auto","background-attachment":"scroll","background-type":"","background-media":"","overlay-type":"","overlay-color":"","overlay-opacity":"","overlay-gradient":""},"tablet":{"background-color":"var(--ast-global-color-5)","background-image":"","background-repeat":"repeat","background-position":"center center","background-size":"auto","background-attachment":"scroll","background-type":"","background-media":"","overlay-type":"","overlay-color":"","overlay-opacity":"","overlay-gradient":""},"mobile":{"background-color":"var(--ast-global-color-5)","background-image":"","background-repeat":"repeat","background-position":"center center","background-size":"auto","background-attachment":"scroll","background-type":"","background-media":"","overlay-type":"","overlay-color":"","overlay-opacity":"","overlay-gradient":""}},"footnotes":""},"class_list":["post-156","page","type-page","status-publish","hentry"],"yoast_head":"<!-- This site is optimized with the Yoast SEO plugin v27.0 - https:\/\/yoast.com\/product\/yoast-seo-wordpress\/ -->\n<title>Flors de Bach | Punt Salut<\/title>\n<meta name=\"robots\" content=\"index, follow, max-snippet:-1, max-image-preview:large, max-video-preview:-1\" \/>\n<link rel=\"canonical\" href=\"https:\/\/fortea.sytes.net\/pun\/flors-de-bach\/\" \/>\n<meta property=\"og:locale\" content=\"ca_ES\" \/>\n<meta property=\"og:type\" content=\"article\" \/>\n<meta property=\"og:title\" content=\"Flors de Bach | Punt Salut\" \/>\n<meta property=\"og:description\" content=\"Flors de Bach Les Flors de Bach, \u00e9s una ter\u00e0pia a trav\u00e9s de 38 remeis florals que va descobrir el Dr. Edward Bach l\u2019any 1934, per tal de tractar el que ell anomenava els estats an\u00edmics i emocionals negatius. Bach tenia una visi\u00f3 transcendental de l\u2019\u00e9sser hum\u00e0, i explicava que la malaltia t\u00e9 un origen [&hellip;]\" \/>\n<meta property=\"og:url\" content=\"https:\/\/fortea.sytes.net\/pun\/flors-de-bach\/\" \/>\n<meta property=\"og:site_name\" content=\"Punt Salut\" \/>\n<meta property=\"article:modified_time\" content=\"2020-07-16T07:27:19+00:00\" \/>\n<meta property=\"og:image\" content=\"https:\/\/fortea.sytes.net\/pun\/wp-content\/uploads\/2020\/07\/flors-bach-tallada.jpg\" \/>\n<meta name=\"twitter:card\" content=\"summary_large_image\" \/>\n<meta name=\"twitter:label1\" content=\"Temps estimat de lectura\" \/>\n\t<meta name=\"twitter:data1\" content=\"2 minuts\" \/>\n<script type=\"application\/ld+json\" class=\"yoast-schema-graph\">{\"@context\":\"https:\/\/schema.org\",\"@graph\":[{\"@type\":\"WebPage\",\"@id\":\"https:\/\/fortea.sytes.net\/pun\/flors-de-bach\/\",\"url\":\"https:\/\/fortea.sytes.net\/pun\/flors-de-bach\/\",\"name\":\"Flors de Bach | Punt Salut\",\"isPartOf\":{\"@id\":\"https:\/\/fortea.sytes.net\/pun\/#website\"},\"primaryImageOfPage\":{\"@id\":\"https:\/\/fortea.sytes.net\/pun\/flors-de-bach\/#primaryimage\"},\"image\":{\"@id\":\"https:\/\/fortea.sytes.net\/pun\/flors-de-bach\/#primaryimage\"},\"thumbnailUrl\":\"https:\/\/fortea.sytes.net\/pun\/wp-content\/uploads\/2020\/07\/flors-bach-tallada.jpg\",\"datePublished\":\"2020-07-05T08:15:53+00:00\",\"dateModified\":\"2020-07-16T07:27:19+00:00\",\"breadcrumb\":{\"@id\":\"https:\/\/fortea.sytes.net\/pun\/flors-de-bach\/#breadcrumb\"},\"inLanguage\":\"ca\",\"potentialAction\":[{\"@type\":\"ReadAction\",\"target\":[\"https:\/\/fortea.sytes.net\/pun\/flors-de-bach\/\"]}]},{\"@type\":\"ImageObject\",\"inLanguage\":\"ca\",\"@id\":\"https:\/\/fortea.sytes.net\/pun\/flors-de-bach\/#primaryimage\",\"url\":\"https:\/\/fortea.sytes.net\/pun\/wp-content\/uploads\/2020\/07\/flors-bach-tallada.jpg\",\"contentUrl\":\"https:\/\/fortea.sytes.net\/pun\/wp-content\/uploads\/2020\/07\/flors-bach-tallada.jpg\",\"width\":851,\"height\":217,\"caption\":\"imatge flors de Bach\"},{\"@type\":\"BreadcrumbList\",\"@id\":\"https:\/\/fortea.sytes.net\/pun\/flors-de-bach\/#breadcrumb\",\"itemListElement\":[{\"@type\":\"ListItem\",\"position\":1,\"name\":\"Inici\",\"item\":\"https:\/\/fortea.sytes.net\/pun\/\"},{\"@type\":\"ListItem\",\"position\":2,\"name\":\"Flors de Bach\"}]},{\"@type\":\"WebSite\",\"@id\":\"https:\/\/fortea.sytes.net\/pun\/#website\",\"url\":\"https:\/\/fortea.sytes.net\/pun\/\",\"name\":\"Punt Salut\",\"description\":\"Centre de ter\u00e0pies naturals\",\"publisher\":{\"@id\":\"https:\/\/fortea.sytes.net\/pun\/#organization\"},\"potentialAction\":[{\"@type\":\"SearchAction\",\"target\":{\"@type\":\"EntryPoint\",\"urlTemplate\":\"https:\/\/fortea.sytes.net\/pun\/?s={search_term_string}\"},\"query-input\":{\"@type\":\"PropertyValueSpecification\",\"valueRequired\":true,\"valueName\":\"search_term_string\"}}],\"inLanguage\":\"ca\"},{\"@type\":\"Organization\",\"@id\":\"https:\/\/fortea.sytes.net\/pun\/#organization\",\"name\":\"Puntsalut\",\"url\":\"https:\/\/fortea.sytes.net\/pun\/\",\"logo\":{\"@type\":\"ImageObject\",\"inLanguage\":\"ca\",\"@id\":\"https:\/\/fortea.sytes.net\/pun\/#\/schema\/logo\/image\/\",\"url\":\"https:\/\/fortea.sytes.net\/pun\/wp-content\/uploads\/2020\/07\/cropped-logo-220-rosa-220x74-1.jpg\",\"contentUrl\":\"https:\/\/fortea.sytes.net\/pun\/wp-content\/uploads\/2020\/07\/cropped-logo-220-rosa-220x74-1.jpg\",\"width\":220,\"height\":74,\"caption\":\"Puntsalut\"},\"image\":{\"@id\":\"https:\/\/fortea.sytes.net\/pun\/#\/schema\/logo\/image\/\"}}]}<\/script>\n<!-- \/ Yoast SEO plugin. -->","yoast_head_json":{"title":"Flors de Bach | Punt Salut","robots":{"index":"index","follow":"follow","max-snippet":"max-snippet:-1","max-image-preview":"max-image-preview:large","max-video-preview":"max-video-preview:-1"},"canonical":"https:\/\/fortea.sytes.net\/pun\/flors-de-bach\/","og_locale":"ca_ES","og_type":"article","og_title":"Flors de Bach | Punt Salut","og_description":"Flors de Bach Les Flors de Bach, \u00e9s una ter\u00e0pia a trav\u00e9s de 38 remeis florals que va descobrir el Dr. Edward Bach l\u2019any 1934, per tal de tractar el que ell anomenava els estats an\u00edmics i emocionals negatius. Bach tenia una visi\u00f3 transcendental de l\u2019\u00e9sser hum\u00e0, i explicava que la malaltia t\u00e9 un origen [&hellip;]","og_url":"https:\/\/fortea.sytes.net\/pun\/flors-de-bach\/","og_site_name":"Punt Salut","article_modified_time":"2020-07-16T07:27:19+00:00","og_image":[{"url":"https:\/\/fortea.sytes.net\/pun\/wp-content\/uploads\/2020\/07\/flors-bach-tallada.jpg","type":"","width":"","height":""}],"twitter_card":"summary_large_image","twitter_misc":{"Temps estimat de lectura":"2 minuts"},"schema":{"@context":"https:\/\/schema.org","@graph":[{"@type":"WebPage","@id":"https:\/\/fortea.sytes.net\/pun\/flors-de-bach\/","url":"https:\/\/fortea.sytes.net\/pun\/flors-de-bach\/","name":"Flors de Bach | Punt Salut","isPartOf":{"@id":"https:\/\/fortea.sytes.net\/pun\/#website"},"primaryImageOfPage":{"@id":"https:\/\/fortea.sytes.net\/pun\/flors-de-bach\/#primaryimage"},"image":{"@id":"https:\/\/fortea.sytes.net\/pun\/flors-de-bach\/#primaryimage"},"thumbnailUrl":"https:\/\/fortea.sytes.net\/pun\/wp-content\/uploads\/2020\/07\/flors-bach-tallada.jpg","datePublished":"2020-07-05T08:15:53+00:00","dateModified":"2020-07-16T07:27:19+00:00","breadcrumb":{"@id":"https:\/\/fortea.sytes.net\/pun\/flors-de-bach\/#breadcrumb"},"inLanguage":"ca","potentialAction":[{"@type":"ReadAction","target":["https:\/\/fortea.sytes.net\/pun\/flors-de-bach\/"]}]},{"@type":"ImageObject","inLanguage":"ca","@id":"https:\/\/fortea.sytes.net\/pun\/flors-de-bach\/#primaryimage","url":"https:\/\/fortea.sytes.net\/pun\/wp-content\/uploads\/2020\/07\/flors-bach-tallada.jpg","contentUrl":"https:\/\/fortea.sytes.net\/pun\/wp-content\/uploads\/2020\/07\/flors-bach-tallada.jpg","width":851,"height":217,"caption":"imatge flors de Bach"},{"@type":"BreadcrumbList","@id":"https:\/\/fortea.sytes.net\/pun\/flors-de-bach\/#breadcrumb","itemListElement":[{"@type":"ListItem","position":1,"name":"Inici","item":"https:\/\/fortea.sytes.net\/pun\/"},{"@type":"ListItem","position":2,"name":"Flors de Bach"}]},{"@type":"WebSite","@id":"https:\/\/fortea.sytes.net\/pun\/#website","url":"https:\/\/fortea.sytes.net\/pun\/","name":"Punt Salut","description":"Centre de ter\u00e0pies naturals","publisher":{"@id":"https:\/\/fortea.sytes.net\/pun\/#organization"},"potentialAction":[{"@type":"SearchAction","target":{"@type":"EntryPoint","urlTemplate":"https:\/\/fortea.sytes.net\/pun\/?s={search_term_string}"},"query-input":{"@type":"PropertyValueSpecification","valueRequired":true,"valueName":"search_term_string"}}],"inLanguage":"ca"},{"@type":"Organization","@id":"https:\/\/fortea.sytes.net\/pun\/#organization","name":"Puntsalut","url":"https:\/\/fortea.sytes.net\/pun\/","logo":{"@type":"ImageObject","inLanguage":"ca","@id":"https:\/\/fortea.sytes.net\/pun\/#\/schema\/logo\/image\/","url":"https:\/\/fortea.sytes.net\/pun\/wp-content\/uploads\/2020\/07\/cropped-logo-220-rosa-220x74-1.jpg","contentUrl":"https:\/\/fortea.sytes.net\/pun\/wp-content\/uploads\/2020\/07\/cropped-logo-220-rosa-220x74-1.jpg","width":220,"height":74,"caption":"Puntsalut"},"image":{"@id":"https:\/\/fortea.sytes.net\/pun\/#\/schema\/logo\/image\/"}}]}},"_links":{"self":[{"href":"https:\/\/fortea.sytes.net\/pun\/wp-json\/wp\/v2\/pages\/156","targetHints":{"allow":["GET"]}}],"collection":[{"href":"https:\/\/fortea.sytes.net\/pun\/wp-json\/wp\/v2\/pages"}],"about":[{"href":"https:\/\/fortea.sytes.net\/pun\/wp-json\/wp\/v2\/types\/page"}],"author":[{"embeddable":true,"href":"https:\/\/fortea.sytes.net\/pun\/wp-json\/wp\/v2\/users\/1"}],"replies":[{"embeddable":true,"href":"https:\/\/fortea.sytes.net\/pun\/wp-json\/wp\/v2\/comments?post=156"}],"version-history":[{"count":0,"href":"https:\/\/fortea.sytes.net\/pun\/wp-json\/wp\/v2\/pages\/156\/revisions"}],"wp:attachment":[{"href":"https:\/\/fortea.sytes.net\/pun\/wp-json\/wp\/v2\/media?parent=156"}],"curies":[{"name":"wp","href":"https:\/\/api.w.org\/{rel}","templated":true}]}}